{"id":2867,"date":"2018-03-19T18:06:41","date_gmt":"2018-03-19T16:06:41","guid":{"rendered":"https:\/\/www.tonimartinmedic.com\/el-programa-mbsr\/"},"modified":"2020-06-23T10:25:05","modified_gmt":"2020-06-23T08:25:05","slug":"el-programa-mbsr","status":"publish","type":"page","link":"https:\/\/www.tonimartinmedic.com\/ca\/el-programa-mbsr\/","title":{"rendered":"El programa MBSR"},"content":{"rendered":"<div class=\"fusion-fullwidth fullwidth-box fusion-builder-row-1 nonhundred-percent-fullwidth non-hundred-percent-height-scrolling fusion-equal-height-columns\"  style='background-color: rgba(255,255,255,0);background-position: left top;background-repeat: no-repeat;padding-top:60px;padding-right:0px;padding-bottom:100px;padding-left:0px;border-top-width:0px;border-bottom-width:0px;border-color:#eae9e9;border-top-style:solid;border-bottom-style:solid;'><div class=\"fusion-builder-row fusion-row \"><div  class=\"fusion-layout-column fusion_builder_column fusion_builder_column_2_3 fusion-builder-column-0 fusion-two-third fusion-column-first 2_3\"  style='margin-top:0px;margin-bottom:30px;width:65.3333%; margin-right: 4%;'><div class=\"fusion-column-wrapper\" style=\"background-color:#ffffff;border:1px solid #dddddd;padding: 40px;background-position:left top;background-repeat:no-repeat;-webkit-background-size:cover;-moz-background-size:cover;-o-background-size:cover;background-size:cover;\"   data-bg-url=\"\"><div class=\"fusion-text\"><h2>El Programa MBSR<\/h2>\n<\/div><div class=\"fusion-sep-clear\"><\/div><div class=\"fusion-separator fusion-full-width-sep sep-none\" style=\"margin-left: auto;margin-right: auto;margin-top:30px;\"><\/div><div class=\"fusion-text\"><p><img loading=\"lazy\" decoding=\"async\" class=\"size-full wp-image-2552 alignright\" src=\"http:\/\/www.tonimartinmedic.com\/wp-content\/uploads\/2018\/03\/Jon-Kabat-Zinn.jpg\" alt=\"\" width=\"213\" height=\"226\" srcset=\"https:\/\/www.tonimartinmedic.com\/wp-content\/uploads\/2018\/03\/Jon-Kabat-Zinn-200x212.jpg 200w, https:\/\/www.tonimartinmedic.com\/wp-content\/uploads\/2018\/03\/Jon-Kabat-Zinn.jpg 213w\" sizes=\"(max-width: 213px) 100vw, 213px\" \/><strong>Jon Kabat-Zinn<\/strong> es un m\u00e9dico, bi\u00f3logo y profesor en la Facultad de Medicina de la Universidad de Massachusetts.<\/p>\n<p>En 1979, en el Centro M\u00e9dico asociado a su Universidad, ve\u00eda gente que no estaba a gusto con los tratamientos, especialistas que no sab\u00edan que hacer con ellos&#8230; Se trataba de personas que no mejoraban, con Trastornos psicosom\u00e1ticos, con molestias funcionales, con s\u00edntomas de estr\u00e9s y ansiedad&#8230; Iban rebotando de un especilista a otro sin encontrar soluci\u00f3n&#8230; Y empez\u00f3 a realizar con ellos un entrenamiento en \u201cmeditaci\u00f3n\u201d que \u00e9l mismo practicaba desde hac\u00eda tiempo, en un formato de 8 semanas.<\/p>\n<p><strong>Observ\u00f3 como mejoraba la calidad de vida, simplemente entrenendo la mente a &#8220;prestar atenci\u00f3n&#8221;<\/strong><\/p>\n<blockquote>\n<p>As\u00ed naci\u00f3 el <strong>P<\/strong><strong>rograma MBSR<\/strong> <em>(Mindfulness-based Stress Reduction).<\/em><\/p>\n<\/blockquote>\n<p>Los evidentes resultados obtenidos en beneficio de la salud f\u00edsica y mental de los participantes, confirmados una y otra vez en diferentes \u00e1mbitos, no solo sanitario sino tambi\u00e9n en el mundo empresarial, le animaron a consolidar este formato, que sigue siendo el programa de entrenamiento en Mindfulness m\u00e1s reconocido a nivel cient\u00edfico mundialmente.<\/p>\n<p>El programa MBSR se estructura como una <strong>intervenci\u00f3n psicoeducativa <\/strong>dise\u00f1ada para llevar el entrenamiento en MFN a personas no \u00fanicament del \u00e1mbito sanitario, sino tambien formativo en escuelas, prisiones\u2026, y especialmente del mundo empresarial, dada la evidencia de sus beneficios en la eficacia profesional.<\/p>\n<hr \/>\n<ul>\n<li>El programa MBSR <em>(Programa de Reducci\u00f3n de Estr\u00e9s basado en el Mindfulness)<\/em> es un curso de 8 semanas destinado a mejorar la eficacia personal y reducir el estr\u00e9s mediante el entrenamiento de la conciencia plena (mindfulness). Tiene un formato grupal (entre 10 y 20 personas).\n<ul>\n<li>La duraci\u00f3n del programa es de 28 horas:<\/li>\n<li>8 sesiones de 2 \u00bd horas (una tarde por semana)<\/li>\n<li>Un d\u00eda intensivo de 8 horas.<\/li>\n<\/ul>\n<\/li>\n<\/ul>\n<\/div><div class=\"fusion-clearfix\"><\/div><\/div><\/div><div  class=\"fusion-layout-column fusion_builder_column fusion_builder_column_1_3 fusion-builder-column-1 fusion-one-third fusion-column-last 1_3\"  style='margin-top:0px;margin-bottom:30px;width:30.6666%'><div class=\"fusion-column-wrapper\" style=\"background-color:#ffffff;border:1px solid #dddddd;padding: 30px;background-position:left top;background-repeat:no-repeat;-webkit-background-size:cover;-moz-background-size:cover;-o-background-size:cover;background-size:cover;\"   data-bg-url=\"\"><div class=\"fusion-text\"><h4><i class=\"fa fa-file-o\"><\/i>\u00a0\u00a0 P\u00c1GINAS RELACIONADAS<\/h4>\n<\/div><div class=\"fusion-sep-clear\"><\/div><div class=\"fusion-separator fusion-full-width-sep sep-single sep-solid\" style=\"border-color:#3bafbf;border-top-width:2px;margin-left: auto;margin-right: auto;margin-top:0px;margin-bottom:30px;width:100%;max-width:100%;\"><\/div><ul class=\"fusion-checklist fusion-checklist-1\" style=\"font-size:20px;line-height:34px;\"><li class=\"fusion-li-item\"><span style=\"height:34px;width:34px;margin-right:14px;\" class=\"icon-wrapper circle-no\"><i class=\"fusion-li-icon fa fa-arrow-right\" style=\"color:#76c8d3;\"><\/i><\/span><div class=\"fusion-li-item-content\" style=\"margin-left:48px;\">\n<p><a href=\"http:\/\/www.tonimartinmedic.com\/mi-relacion-con-el-mindfulness\/\">Mi relaci\u00f3n con el &#8220;mindfulness&#8221;<\/a><\/p>\n<\/div><\/li><li class=\"fusion-li-item\"><span style=\"height:34px;width:34px;margin-right:14px;\" class=\"icon-wrapper circle-no\"><i class=\"fusion-li-icon fa fa-arrow-right\" style=\"color:#76c8d3;\"><\/i><\/span><div class=\"fusion-li-item-content\" style=\"margin-left:48px;\">\n<p><a href=\"http:\/\/www.tonimartinmedic.com\/que-es-mindfulness\/\">\u00bfQu\u00e9 es &#8220;mindfulness&#8221; y c\u00f3mo se aprende?<\/a><\/p>\n<\/div><\/li><li class=\"fusion-li-item\"><span style=\"height:34px;width:34px;margin-right:14px;\" class=\"icon-wrapper circle-no\"><i class=\"fusion-li-icon fa fa-arrow-right\" style=\"color:#76c8d3;\"><\/i><\/span><div class=\"fusion-li-item-content\" style=\"margin-left:48px;\">\n<p><a href=\"http:\/\/www.tonimartinmedic.com\/beneficios-del-mindfulness\/\">Beneficios del &#8220;mindfulness&#8221;<\/a><\/p>\n<\/div><\/li><li class=\"fusion-li-item\"><span style=\"height:34px;width:34px;margin-right:14px;\" class=\"icon-wrapper circle-no\"><i class=\"fusion-li-icon fa fa-arrow-right\" style=\"color:#76c8d3;\"><\/i><\/span><div class=\"fusion-li-item-content\" style=\"margin-left:48px;\">\n<p><a href=\"http:\/\/www.tonimartinmedic.com\/el-programa-mbsr\/\">El Programa MBSR<\/a><\/p>\n<\/div><\/li><\/ul><div class=\"fusion-sep-clear\"><\/div><div class=\"fusion-separator fusion-full-width-sep sep-none\" style=\"margin-left: auto;margin-right: auto;margin-top:50px;\"><\/div><div class=\"fusion-text\"><h4><i class=\"fa fa-clock-o\"><\/i>\u00a0 \u00a0BLOG<\/h4>\n<\/div><div class=\"fusion-sep-clear\"><\/div><div class=\"fusion-separator fusion-full-width-sep sep-single sep-solid\" style=\"border-color:#3bafbf;border-top-width:2px;margin-left: auto;margin-right: auto;margin-top:0px;margin-bottom:30px;width:100%;max-width:100%;\"><\/div><div class=\"fusion-sep-clear\"><\/div><div class=\"fusion-separator fusion-full-width-sep sep-none\" style=\"margin-left: auto;margin-right: auto;margin-top:30px;\"><\/div><div class=\"fusion-recent-posts fusion-recent-posts-1 avada-container layout-default layout-columns-1\"><section class=\"fusion-columns columns fusion-columns-1 columns-1\"><article class=\"post fusion-column column col col-lg-12 col-md-12 col-sm-12\"><div class=\"fusion-flexslider fusion-flexslider-loading flexslider flexslider-hover-type-none\"><ul class=\"slides\"><li><a href=\"https:\/\/www.tonimartinmedic.com\/ca\/de-la-perfeccio-i-la-felicitat\/\" aria-label=\"De la perfecci\u00f3 i la felicitat&#8230;\" class=\"hover-type-none\"><img loading=\"lazy\" decoding=\"async\" width=\"700\" height=\"441\" src=\"https:\/\/www.tonimartinmedic.com\/wp-content\/uploads\/2020\/06\/shutterstock_133901621-scaled-e1592469854256-700x441.jpg\" class=\"attachment-recent-posts size-recent-posts\" alt=\"\" srcset=\"https:\/\/www.tonimartinmedic.com\/wp-content\/uploads\/2020\/06\/shutterstock_133901621-scaled-e1592469854256-320x202.jpg 320w, https:\/\/www.tonimartinmedic.com\/wp-content\/uploads\/2020\/06\/shutterstock_133901621-scaled-e1592469854256-700x441.jpg 700w\" sizes=\"(max-width: 700px) 100vw, 700px\" \/><\/a><\/li><\/ul><\/div><div class=\"recent-posts-content\"><span class=\"vcard\" style=\"display: none;\"><span class=\"fn\"><a href=\"https:\/\/www.tonimartinmedic.com\/ca\/author\/root\/\" title=\"Entrades de root\" rel=\"author\">root<\/a><\/span><\/span><span class=\"updated\" style=\"display:none;\">2020-06-20T10:57:54+02:00<\/span><h4 class=\"entry-title\"><a href=\"https:\/\/www.tonimartinmedic.com\/ca\/de-la-perfeccio-i-la-felicitat\/\">De la perfecci\u00f3 i la felicitat&#8230;<\/a><\/h4><\/div><\/article><article class=\"post fusion-column column col col-lg-12 col-md-12 col-sm-12\"><div class=\"fusion-flexslider fusion-flexslider-loading flexslider flexslider-hover-type-none\"><ul class=\"slides\"><li><a href=\"https:\/\/www.tonimartinmedic.com\/ca\/hi-ha-algu-interessat-en-el-present\/\" aria-label=\"Hi ha alg\u00fa interessat en el present??\" class=\"hover-type-none\"><img loading=\"lazy\" decoding=\"async\" width=\"700\" height=\"441\" src=\"https:\/\/www.tonimartinmedic.com\/wp-content\/uploads\/2018\/03\/giratiempo-2816270_1280-700x441.jpg\" class=\"attachment-recent-posts size-recent-posts\" alt=\"\" srcset=\"https:\/\/www.tonimartinmedic.com\/wp-content\/uploads\/2018\/03\/giratiempo-2816270_1280-320x202.jpg 320w, https:\/\/www.tonimartinmedic.com\/wp-content\/uploads\/2018\/03\/giratiempo-2816270_1280-700x441.jpg 700w\" sizes=\"(max-width: 700px) 100vw, 700px\" \/><\/a><\/li><\/ul><\/div><div class=\"recent-posts-content\"><span class=\"vcard\" style=\"display: none;\"><span class=\"fn\"><a href=\"https:\/\/www.tonimartinmedic.com\/ca\/author\/root\/\" title=\"Entrades de root\" rel=\"author\">root<\/a><\/span><\/span><span class=\"updated\" style=\"display:none;\">2018-03-27T10:42:22+02:00<\/span><h4 class=\"entry-title\"><a href=\"https:\/\/www.tonimartinmedic.com\/ca\/hi-ha-algu-interessat-en-el-present\/\">Hi ha alg\u00fa interessat en el present??<\/a><\/h4><\/div><\/article><\/section><\/div><div class=\"fusion-clearfix\"><\/div><\/div><\/div><div  data-animationType=flash data-animationDuration=0.3 data-animationOffset=100% class=\"fusion-layout-column fusion_builder_column fusion_builder_column_1_3 fusion-builder-column-2 fusion-one-third fusion-column-first fusion-animated 1_3\"  style='margin-top:10px;margin-bottom:10px;width:30.6666%; margin-right: 4%;'><div class=\"fusion-column-wrapper\" style=\"background-color:#ffd177;padding: 20px 20px 20px 20px;background-image: url('http:\/\/www.tonimartinmedic.com\/wp-content\/uploads\/2015\/12\/tree-189852-112x300.jpg');background-position:left top;background-repeat:no-repeat;-webkit-background-size:cover;-moz-background-size:cover;-o-background-size:cover;background-size:cover;\"   data-bg-url=\"http:\/\/www.tonimartinmedic.com\/wp-content\/uploads\/2015\/12\/tree-189852-112x300.jpg\"><div class=\"imageframe-align-center\"><span style=\"-webkit-box-shadow: 3px 3px 7px rgba(0,0,0,0.3);box-shadow: 3px 3px 7px rgba(0,0,0,0.3);\" class=\"fusion-imageframe imageframe-dropshadow imageframe-1 hover-type-none\"><img loading=\"lazy\" decoding=\"async\" src=\"http:\/\/www.tonimartinmedic.com\/wp-content\/uploads\/2015\/12\/foto1-300x200.jpg\" width=\"300\" height=\"200\" alt=\"\" title=\"foto1\" class=\"img-responsive wp-image-1280\" srcset=\"https:\/\/www.tonimartinmedic.com\/wp-content\/uploads\/2015\/12\/foto1-200x133.jpg 200w, https:\/\/www.tonimartinmedic.com\/wp-content\/uploads\/2015\/12\/foto1-400x267.jpg 400w, https:\/\/www.tonimartinmedic.com\/wp-content\/uploads\/2015\/12\/foto1-600x400.jpg 600w, https:\/\/www.tonimartinmedic.com\/wp-content\/uploads\/2015\/12\/foto1-800x533.jpg 800w, https:\/\/www.tonimartinmedic.com\/wp-content\/uploads\/2015\/12\/foto1-1200x800.jpg 1200w, https:\/\/www.tonimartinmedic.com\/wp-content\/uploads\/2015\/12\/foto1.jpg 1280w\" sizes=\"(max-width: 800px) 100vw, 400px\" \/><\/span><\/div><div class=\"fusion-sep-clear\"><\/div><div class=\"fusion-separator fusion-full-width-sep sep-none\" style=\"margin-left: auto;margin-right: auto;margin-top:10px;margin-bottom:10px;\"><\/div><div class=\"fusion-text\"><p style=\"text-align: center;\"><strong>El nuevo PROGRAMA MBSR <\/strong><strong>de 8 semanas <\/strong><strong>empieza en SEPTIEMBRE 2017<\/strong><\/p>\n<\/div><div class=\"fusion-text\"><ul>\n<li style=\"text-align: left;\">El programa MBSR (Mindfulness Based Stress Reduction) es la manera m\u00e1s reconocida y eficaz de recibir una formaci\u00f3n de mindfulness o \u201catenci\u00f3n plena\u201d.<\/li>\n<li style=\"text-align: left;\">Este programa de 8 semanas fue creado en 1979 por el Dr. Jon Kabat-Zinn en la Escuela de Medicina de la Universidad de Massachusetts, y lleva m\u00e1s de 30 a\u00f1os siendo el referente principal en el aprendizaje de este entrenamiento de control mental.<\/li>\n<li style=\"text-align: left;\">Tambi\u00e9n es el modelo m\u00e1s utilizado para los estudios cient\u00edficos en las aplicaciones cl\u00ednicas en personas con dolor cr\u00f3nico y los trastornos relacionados con el estr\u00e9s.<\/li>\n<\/ul>\n<\/div><div class=\"fusion-text\"><p><strong>El PROGRAMA MBSR de 8 semanas incluye<\/strong><\/p>\n<ul>\n<li><strong>8 sesiones de 2 \u00bd horas<\/strong><\/li>\n<li><strong>1 sesi\u00f3n de 6-8 horas en silencio<\/strong><\/li>\n<li><strong>Material did\u00e1ctico<\/strong><\/li>\n<\/ul>\n<\/div><div class=\"fusion-sep-clear\"><\/div><div class=\"fusion-separator fusion-full-width-sep sep-single sep-solid\" style=\"border-color:#e0dede;border-top-width:2px;margin-left: auto;margin-right: auto;margin-top:10px;margin-bottom:30px;\"><\/div><div class=\"fusion-text\"><p>Si dese\u00e1is recibir m\u00e1s informaci\u00f3n para el pr\u00f3ximo PROGRAMA de OTO\u00d1O 2017:<\/p>\n<h3 style=\"text-align: center;\"><a href=\"mailto:info@tonimartinmedic.com\"><strong>info@tonimartinmedic.com<\/strong><\/a><\/h3>\n<p><strong>(Esta formaci\u00f3n respeta los est\u00e1ndares de calidad propuesta por la Asociaci\u00f3n Nacional de Instructores de MBSR)<\/strong><\/p>\n<\/div><div class=\"fusion-clearfix\"><\/div><\/div><\/div><\/div><\/div>\n","protected":false},"excerpt":{"rendered":"","protected":false},"author":1,"featured_media":2551,"parent":0,"menu_order":0,"comment_status":"closed","ping_status":"closed","template":"","meta":{"footnotes":""},"_links":{"self":[{"href":"https:\/\/www.tonimartinmedic.com\/ca\/wp-json\/wp\/v2\/pages\/2867"}],"collection":[{"href":"https:\/\/www.tonimartinmedic.com\/ca\/wp-json\/wp\/v2\/pages"}],"about":[{"href":"https:\/\/www.tonimartinmedic.com\/ca\/wp-json\/wp\/v2\/types\/page"}],"author":[{"embeddable":true,"href":"https:\/\/www.tonimartinmedic.com\/ca\/wp-json\/wp\/v2\/users\/1"}],"replies":[{"embeddable":true,"href":"https:\/\/www.tonimartinmedic.com\/ca\/wp-json\/wp\/v2\/comments?post=2867"}],"version-history":[{"count":1,"href":"https:\/\/www.tonimartinmedic.com\/ca\/wp-json\/wp\/v2\/pages\/2867\/revisions"}],"predecessor-version":[{"id":2868,"href":"https:\/\/www.tonimartinmedic.com\/ca\/wp-json\/wp\/v2\/pages\/2867\/revisions\/2868"}],"wp:featuredmedia":[{"embeddable":true,"href":"https:\/\/www.tonimartinmedic.com\/ca\/wp-json\/wp\/v2\/media\/2551"}],"wp:attachment":[{"href":"https:\/\/www.tonimartinmedic.com\/ca\/wp-json\/wp\/v2\/media?parent=2867"}],"curies":[{"name":"wp","href":"https:\/\/api.w.org\/{rel}","templated":true}]}}