{"id":2332,"date":"2017-10-09T16:12:56","date_gmt":"2017-10-09T14:12:56","guid":{"rendered":"http:\/\/www.tonimartinmedic.com\/?page_id=2332\/"},"modified":"2017-10-09T16:14:57","modified_gmt":"2017-10-09T14:14:57","slug":"dolor-psicosomatic-un-enfocament-terapeutic","status":"publish","type":"page","link":"https:\/\/www.tonimartinmedic.com\/ca\/dolor-psicosomatic-un-enfocament-terapeutic\/","title":{"rendered":"DOLOR PSICOSOM\u00c0TIC. Un enfocament terap\u00e8utic"},"content":{"rendered":"<div class=\"fusion-fullwidth fullwidth-box fusion-builder-row-1 nonhundred-percent-fullwidth non-hundred-percent-height-scrolling fusion-equal-height-columns\"  style='background-color: rgba(255,255,255,0);background-position: left top;background-repeat: no-repeat;padding-top:60px;padding-right:0px;padding-bottom:100px;padding-left:0px;border-top-width:0px;border-bottom-width:0px;border-color:#eae9e9;border-top-style:solid;border-bottom-style:solid;'><div class=\"fusion-builder-row fusion-row \"><div  class=\"fusion-layout-column fusion_builder_column fusion_builder_column_2_3 fusion-builder-column-0 fusion-two-third fusion-column-first 2_3\"  style='margin-top:0px;margin-bottom:30px;width:65.3333%; margin-right: 4%;'><div class=\"fusion-column-wrapper\" style=\"background-color:#ffffff;border:1px solid #dddddd;padding: 40px;background-position:left top;background-repeat:no-repeat;-webkit-background-size:cover;-moz-background-size:cover;-o-background-size:cover;background-size:cover;\"   data-bg-url=\"\"><div class=\"fusion-text\"><h2>DOLOR PSICOSOM\u00c0TIC. Un enfocament terap\u00e8utic r\u00e0pid i efica\u00e7.<\/h2>\n<hr \/>\n<\/div><div class=\"fusion-sep-clear\"><\/div><div class=\"fusion-separator fusion-full-width-sep sep-none\" style=\"margin-left: auto;margin-right: auto;margin-top:30px;\"><\/div><div class=\"fusion-text\"><blockquote>\n<p><em>(Mi inter\u00e9s personal por las \u2018enfermedades funcionales\u2019, comienza en 1985 a trav\u00e9s de la pr\u00e1ctica cl\u00ednica de la Sexolog\u00eda. Por una parte algunos casos de trastornos somatomorfos cursan con s\u00edntomas sexuales: una disfunci\u00f3n er\u00e9ctil o eyaculatoria de largo tiempo de evoluci\u00f3n, una anorgasmia primaria persistente&#8230;, una vez descartada la etiolog\u00eda org\u00e1nica pueden considerarse claramente como enfermedades funcionales.<\/em><\/p>\n<p><em>En cuanto al tratamiento la psicoterapia cognitiva imprescindible para tratar de solucionar estos trastornos de origen emocional la encontr\u00e9 en la REBT de Albert Ellis, y desde el punto de vista f\u00edsico, primero con la relajaci\u00f3n de Jackobson y a partir de 1992 con la T\u00e9cnica de Reeducaci\u00f3n Postural DFA)<\/em><\/p>\n<p><strong><em>\u00a0<\/em><\/strong><\/p>\n<p><strong>\u00a0<\/strong><\/p>\n<p><strong>La aplicaci\u00f3n coordinada de dos t\u00e9cnicas reconocidas: una terapia cognitiva (REBT) y una t\u00e9cnica de aprendizaje interoceptivo (DFA), puede ser una soluci\u00f3n para determinados tipos de dolor \u2018psicosom\u00e1tico\u2019 en un n\u00famero reducido de sesiones.<\/strong><\/p>\n<p>Dentro del confuso concepto de \u201cpsicosom\u00e1tico\u201d este enfoque terapeutico hace referencia al <u>diagnostico y tratamiento del <strong>s\u00edntoma dolor<\/strong> cuando se confirma que \u00e9ste es provocado directa o indirectamente por conflictos emocionales<\/u>: generalmente Trastornos de Ansiedad y\/o del estado de \u00e1nimo, quedando excluidos los casos de Psiquiatr\u00eda mayor.<\/p>\n<p>El estudio se desarrolla en base a la hip\u00f3tesis que <u>el mantenimiento de la expresi\u00f3n externa o contenida de emociones trastornadoras<\/u> habituales como son la angustia, la rabia, la depresi\u00f3n o la culpa, adopta unos <strong><u>patrones de tensi\u00f3n muscular espec\u00edficos<\/u><\/strong><u> para cada persona, que llegan a ser con los a\u00f1os involuntarios y inconscientes.<\/u><\/p>\n<p><u>\u00a0<\/u><\/p>\n<p>As\u00ed, muchos de los s\u00edntomas \u201cpsicosom\u00e1ticos\u201d al igual que algunas de las enfermedades llamadas \u201cfuncionales\u201d pueden ser causados en parte, por estos estados de tensi\u00f3n espec\u00edfica.<\/p>\n<p>Si la hip\u00f3tesis de partida se confirma (que el dolor o los s\u00edntomas desagradables est\u00e1n efectivamente causados por un exceso de tensi\u00f3n muscular, y que esto es la expresi\u00f3n de un estado emocional alterado), es posible actuar sobre estas emociones al mismo tiempo y a dos niveles (cognitivo y corporal), con dos t\u00e9cnicas diferentes y complementarias:<\/p>\n<p>Primero, mediante una breve intervenci\u00f3n cognitiva -utilizando la <strong>REBT<\/strong> d\u2019Albert Ellis-, la persona toma conciencia de cuales son las ideas o creencias que probablemente est\u00e1n causando su estado emocional alterado, y qu\u00e9 puede hacer para cambiarlas.<\/p>\n<p><strong>\u00e0<\/strong> ver Reestructuraci\u00f3n cognitiva \u2013 REBT<\/p>\n<p>Paralelamente al trabajo cognitivo, un sencillo y profundo trabajo corporal \u2013utilizando el <strong>DFA<\/strong>&#8211; permite a la persona tomar conciencia de que manera esas emociones alteradas ocupan lugar en su cuerpo, qu\u00e9 patrones de tensi\u00f3n espec\u00edficos adopta y por supuesto, aprender la manera de que esto no suceda as\u00ed.<\/p>\n<p><strong>\u00e0<\/strong> ver Reeducaci\u00f3n postural- DFA<\/p>\n<p>En la mayor parte de casos, la combinaci\u00f3n de estas dos t\u00e9cnicas suele obtener resultados r\u00e1pidos: la confirmaci\u00f3n de la hip\u00f3tesis y por tanto la experiencia de una cierta mejor\u00eda deben poder observarse ya <u>desde la primera sesi\u00f3n<\/u>. Entre 4 y 8 sesiones se adquiere una estabilidad aceptable, susceptible de mantenerse a medio y a largo plazo con alguna sesi\u00f3n de recuerdo. Todo, con una periodicidad decreciente, ya que el objetivo del tratamiento no es fomentar la dependencia al mismo o al terapeuta, sino ense\u00f1ar a la persona a adquirir autonom\u00eda respecto al control de su sintomatolog\u00eda disfuncional o dolorosa<\/p>\n<\/blockquote>\n<\/div><div class=\"fusion-sep-clear\"><\/div><div class=\"fusion-separator fusion-full-width-sep sep-none\" style=\"margin-left: auto;margin-right: auto;margin-top:30px;\"><\/div><div class=\"fusion-clearfix\"><\/div><\/div><\/div><div  class=\"fusion-layout-column fusion_builder_column fusion_builder_column_1_3 fusion-builder-column-1 fusion-one-third fusion-column-last 1_3\"  style='margin-top:0px;margin-bottom:30px;width:30.6666%'><div class=\"fusion-column-wrapper\" style=\"background-color:#ffffff;border:1px solid #dddddd;padding: 30px;background-position:left top;background-repeat:no-repeat;-webkit-background-size:cover;-moz-background-size:cover;-o-background-size:cover;background-size:cover;\"   data-bg-url=\"\"><div class=\"fusion-text\"><h4>P\u00c1GINAS RELACIONADAS<\/h4>\n<\/div><div class=\"fusion-sep-clear\"><\/div><div class=\"fusion-separator fusion-full-width-sep sep-single sep-solid\" style=\"border-color:#3bafbf;border-top-width:2px;margin-left: auto;margin-right: auto;margin-top:0px;margin-bottom:30px;width:100%;max-width:100%;\"><\/div><div class=\"fusion-text\"><ul>\n<li><a href=\"\/el-concepto-de-psicosomatico\/\">EL CONCEPTO DE &#8220;PSICOSOM\u00c1TICO&#8221;<\/a><\/li>\n<li><a href=\"\/las-enfermedades-psicosomaticas\/\">LAS ENFERMEDADES PSICOSOM\u00c1TICAS\u00a0<\/a><\/li>\n<li><a href=\"\/transtornos-psicosomaticos-2\/\">LISTA DE ENFERMEDADES PSICOSOM\u00c1TICAS\u00a0<\/a><\/li>\n<li><a href=\"http:\/\/www.tonimartinmedic.com\/el-sintoma-psicosomatico-es-sinonimo-de-alteracion-funcional\/\">EL S\u00cdNTOMA PSICOSOM\u00c1TICO ES SIN\u00d3NIMO DE ALTERACI\u00d3N FUNCIONAL\u00a0<\/a><\/li>\n<li><a href=\"http:\/\/www.tonimartinmedic.com\/el-tratamiento-de-los-transtornos-funcionales\/\">EL TRATAMIENTO DE\u00a0LOS TRASTORNOS FUNCIONALES\u00a0<\/a><\/li>\n<li><a href=\"http:\/\/www.tonimartinmedic.com\/dolor-psicosomatico-un-enfoque-terapeutico\/\">DOLOR PSICOSOM\u00c1TICO: UN ENFOQUE TERAPEUTICO<\/a><\/li>\n<li><a href=\"\/guion-para-un-articulo-cientifico\/\">GUI\u00d3N PARA UN ART\u00cdCULO CIENT\u00cdFICO<\/a><\/li>\n<\/ul>\n<\/div><div class=\"fusion-sep-clear\"><\/div><div class=\"fusion-separator fusion-full-width-sep sep-none\" style=\"margin-left: auto;margin-right: auto;margin-top:50px;\"><\/div><div class=\"fusion-sep-clear\"><\/div><div class=\"fusion-separator fusion-full-width-sep sep-single sep-solid\" style=\"border-color:#3bafbf;border-top-width:2px;margin-left: auto;margin-right: auto;margin-top:0px;margin-bottom:30px;width:100%;max-width:100%;\"><\/div><div class=\"fusion-sep-clear\"><\/div><div class=\"fusion-separator fusion-full-width-sep sep-none\" style=\"margin-left: auto;margin-right: auto;margin-top:50px;\"><\/div><div class=\"fusion-text\"><h4><i class=\"fa fa-clock-o\"><\/i>\u00a0 \u00a0BLOG<\/h4>\n<\/div><div class=\"fusion-sep-clear\"><\/div><div class=\"fusion-separator fusion-full-width-sep sep-single sep-solid\" style=\"border-color:#3bafbf;border-top-width:2px;margin-left: auto;margin-right: auto;margin-top:0px;margin-bottom:30px;width:100%;max-width:100%;\"><\/div><div class=\"fusion-sep-clear\"><\/div><div class=\"fusion-separator fusion-full-width-sep sep-none\" style=\"margin-left: auto;margin-right: auto;margin-top:30px;\"><\/div><div class=\"fusion-recent-posts fusion-recent-posts-1 avada-container layout-default layout-columns-1\"><section class=\"fusion-columns columns fusion-columns-1 columns-1\"><article class=\"post fusion-column column col col-lg-12 col-md-12 col-sm-12\"><div class=\"fusion-flexslider fusion-flexslider-loading flexslider flexslider-hover-type-none\"><ul class=\"slides\"><li><a href=\"https:\/\/www.tonimartinmedic.com\/ca\/de-la-perfeccio-i-la-felicitat\/\" aria-label=\"De la perfecci\u00f3 i la felicitat&#8230;\" class=\"hover-type-none\"><img loading=\"lazy\" decoding=\"async\" width=\"700\" height=\"441\" src=\"https:\/\/www.tonimartinmedic.com\/wp-content\/uploads\/2020\/06\/shutterstock_133901621-scaled-e1592469854256-700x441.jpg\" class=\"attachment-recent-posts size-recent-posts\" alt=\"\" srcset=\"https:\/\/www.tonimartinmedic.com\/wp-content\/uploads\/2020\/06\/shutterstock_133901621-scaled-e1592469854256-320x202.jpg 320w, https:\/\/www.tonimartinmedic.com\/wp-content\/uploads\/2020\/06\/shutterstock_133901621-scaled-e1592469854256-700x441.jpg 700w\" sizes=\"(max-width: 700px) 100vw, 700px\" \/><\/a><\/li><\/ul><\/div><div class=\"recent-posts-content\"><span class=\"vcard\" style=\"display: none;\"><span class=\"fn\"><a href=\"https:\/\/www.tonimartinmedic.com\/ca\/author\/root\/\" title=\"Entrades de root\" rel=\"author\">root<\/a><\/span><\/span><span class=\"updated\" style=\"display:none;\">2020-06-20T10:57:54+02:00<\/span><h4 class=\"entry-title\"><a href=\"https:\/\/www.tonimartinmedic.com\/ca\/de-la-perfeccio-i-la-felicitat\/\">De la perfecci\u00f3 i la felicitat&#8230;<\/a><\/h4><\/div><\/article><article class=\"post fusion-column column col col-lg-12 col-md-12 col-sm-12\"><div class=\"fusion-flexslider fusion-flexslider-loading flexslider flexslider-hover-type-none\"><ul class=\"slides\"><li><a href=\"https:\/\/www.tonimartinmedic.com\/ca\/hi-ha-algu-interessat-en-el-present\/\" aria-label=\"Hi ha alg\u00fa interessat en el present??\" class=\"hover-type-none\"><img loading=\"lazy\" decoding=\"async\" width=\"700\" height=\"441\" src=\"https:\/\/www.tonimartinmedic.com\/wp-content\/uploads\/2018\/03\/giratiempo-2816270_1280-700x441.jpg\" class=\"attachment-recent-posts size-recent-posts\" alt=\"\" srcset=\"https:\/\/www.tonimartinmedic.com\/wp-content\/uploads\/2018\/03\/giratiempo-2816270_1280-320x202.jpg 320w, https:\/\/www.tonimartinmedic.com\/wp-content\/uploads\/2018\/03\/giratiempo-2816270_1280-700x441.jpg 700w\" sizes=\"(max-width: 700px) 100vw, 700px\" \/><\/a><\/li><\/ul><\/div><div class=\"recent-posts-content\"><span class=\"vcard\" style=\"display: none;\"><span class=\"fn\"><a href=\"https:\/\/www.tonimartinmedic.com\/ca\/author\/root\/\" title=\"Entrades de root\" rel=\"author\">root<\/a><\/span><\/span><span class=\"updated\" style=\"display:none;\">2018-03-27T10:42:22+02:00<\/span><h4 class=\"entry-title\"><a href=\"https:\/\/www.tonimartinmedic.com\/ca\/hi-ha-algu-interessat-en-el-present\/\">Hi ha alg\u00fa interessat en el present??<\/a><\/h4><\/div><\/article><\/section><\/div><div class=\"fusion-clearfix\"><\/div><\/div><\/div><\/div><\/div>\n","protected":false},"excerpt":{"rendered":"","protected":false},"author":1,"featured_media":0,"parent":0,"menu_order":0,"comment_status":"closed","ping_status":"closed","template":"","meta":{"footnotes":""},"_links":{"self":[{"href":"https:\/\/www.tonimartinmedic.com\/ca\/wp-json\/wp\/v2\/pages\/2332"}],"collection":[{"href":"https:\/\/www.tonimartinmedic.com\/ca\/wp-json\/wp\/v2\/pages"}],"about":[{"href":"https:\/\/www.tonimartinmedic.com\/ca\/wp-json\/wp\/v2\/types\/page"}],"author":[{"embeddable":true,"href":"https:\/\/www.tonimartinmedic.com\/ca\/wp-json\/wp\/v2\/users\/1"}],"replies":[{"embeddable":true,"href":"https:\/\/www.tonimartinmedic.com\/ca\/wp-json\/wp\/v2\/comments?post=2332"}],"version-history":[{"count":2,"href":"https:\/\/www.tonimartinmedic.com\/ca\/wp-json\/wp\/v2\/pages\/2332\/revisions"}],"predecessor-version":[{"id":2334,"href":"https:\/\/www.tonimartinmedic.com\/ca\/wp-json\/wp\/v2\/pages\/2332\/revisions\/2334"}],"wp:attachment":[{"href":"https:\/\/www.tonimartinmedic.com\/ca\/wp-json\/wp\/v2\/media?parent=2332"}],"curies":[{"name":"wp","href":"https:\/\/api.w.org\/{rel}","templated":true}]}}