{"id":2221,"date":"2017-09-23T14:53:46","date_gmt":"2017-09-23T12:53:46","guid":{"rendered":"http:\/\/www.tonimartinmedic.com\/?page_id=2221\/"},"modified":"2017-09-23T14:53:46","modified_gmt":"2017-09-23T12:53:46","slug":"que-son-les-tecniques-de-reeducacio-postural","status":"publish","type":"page","link":"https:\/\/www.tonimartinmedic.com\/ca\/que-son-les-tecniques-de-reeducacio-postural\/","title":{"rendered":"Qu\u00e8 s\u00f3n les t\u00e8cniques de reeducaci\u00f3 postural?"},"content":{"rendered":"","protected":false},"excerpt":{"rendered":"","protected":false},"author":1,"featured_media":0,"parent":0,"menu_order":0,"comment_status":"closed","ping_status":"closed","template":"","meta":{"footnotes":""},"_links":{"self":[{"href":"https:\/\/www.tonimartinmedic.com\/ca\/wp-json\/wp\/v2\/pages\/2221"}],"collection":[{"href":"https:\/\/www.tonimartinmedic.com\/ca\/wp-json\/wp\/v2\/pages"}],"about":[{"href":"https:\/\/www.tonimartinmedic.com\/ca\/wp-json\/wp\/v2\/types\/page"}],"author":[{"embeddable":true,"href":"https:\/\/www.tonimartinmedic.com\/ca\/wp-json\/wp\/v2\/users\/1"}],"replies":[{"embeddable":true,"href":"https:\/\/www.tonimartinmedic.com\/ca\/wp-json\/wp\/v2\/comments?post=2221"}],"version-history":[{"count":1,"href":"https:\/\/www.tonimartinmedic.com\/ca\/wp-json\/wp\/v2\/pages\/2221\/revisions"}],"predecessor-version":[{"id":2222,"href":"https:\/\/www.tonimartinmedic.com\/ca\/wp-json\/wp\/v2\/pages\/2221\/revisions\/2222"}],"wp:attachment":[{"href":"https:\/\/www.tonimartinmedic.com\/ca\/wp-json\/wp\/v2\/media?parent=2221"}],"curies":[{"name":"wp","href":"https:\/\/api.w.org\/{rel}","templated":true}]}}