{"id":2206,"date":"2017-09-23T12:42:06","date_gmt":"2017-09-23T10:42:06","guid":{"rendered":"http:\/\/www.tonimartinmedic.com\/?page_id=2206\/"},"modified":"2017-10-19T08:51:15","modified_gmt":"2017-10-19T06:51:15","slug":"preus-i-tarifes","status":"publish","type":"page","link":"https:\/\/www.tonimartinmedic.com\/ca\/preus-i-tarifes\/","title":{"rendered":"Preus i tarifes"},"content":{"rendered":"<div class=\"fusion-fullwidth fullwidth-box fusion-builder-row-1 nonhundred-percent-fullwidth non-hundred-percent-height-scrolling\"  style='background-color: rgba(255,255,255,0);background-position: center center;background-repeat: no-repeat;padding-top:0px;padding-right:0px;padding-bottom:0px;padding-left:0px;'><div class=\"fusion-builder-row fusion-row \"><div  class=\"fusion-layout-column fusion_builder_column fusion_builder_column_1_1 fusion-builder-column-0 fusion-one-full fusion-column-first fusion-column-last 1_1\"  style='margin-top:0px;margin-bottom:30px;'><div class=\"fusion-column-wrapper\" style=\"background-position:left top;background-repeat:no-repeat;-webkit-background-size:cover;-moz-background-size:cover;-o-background-size:cover;background-size:cover;\"   data-bg-url=\"\"><div class=\"fusion-text\"><h2>Preus i tarifes<\/h2>\n<\/div><div class=\"fusion-sep-clear\"><\/div><div class=\"fusion-separator fusion-full-width-sep sep-single sep-solid\" style=\"border-color:#00bcd4;border-top-width:1px;margin-left: auto;margin-right: auto;margin-top:;\"><\/div><div class=\"fusion-sep-clear\"><\/div><div class=\"fusion-separator fusion-full-width-sep sep-none\" style=\"margin-left: auto;margin-right: auto;margin-top:;\"><\/div><div class=\"fusion-text\"><p><em>(El nostre primordial inter\u00e8s \u00e9s el de retornar al m\u00e9s aviat possible la capacitat d&#8217;autonomia dels pacients, per tant, mantenim el comprom\u00eds de limitar el nombre de visites al m\u00ednim possible.)<br \/>\n<\/em><\/p>\n<p><strong>La PRIMERA VISITA per qualsevol especialitat t\u00e9\u00a0<\/strong><strong>una durada de 60 minuts<\/strong><strong> i <\/strong><strong>un cost de 100 \u20ac.<\/strong><\/p>\n<p><strong>Les SEGONES VISITES i SUCCESSIVES<\/strong> (Durada i preu de cada especialitat):<\/p>\n<table width=\"455\">\n<tbody>\n<tr>\n<td width=\"193\">\u00a0Medicina general<\/td>\n<td width=\"48\">\u00a045\u2019-60\u2019<\/td>\n<td width=\"37\">\u00a0<strong>60\u20ac<\/strong><\/td>\n<\/tr>\n<tr>\n<td width=\"193\">\u00a0Psicoter\u00e0pia cognitiva-conductual<\/td>\n<td width=\"48\">\u00a045\u2019-60\u2019<\/td>\n<td width=\"37\"><strong>60\u20ac<\/strong><\/td>\n<\/tr>\n<tr>\n<td width=\"193\">\u00a0Sexologia cl\u00ednica<\/td>\n<td width=\"48\">\u00a045\u2019-60\u2019<\/td>\n<td width=\"37\"><strong>60\u20ac<\/strong><\/td>\n<\/tr>\n<tr>\n<td width=\"193\">\u00a0Reeducaci\u00f3 postural &#8211; DFA<\/td>\n<td width=\"48\">\u00a045\u2019-60\u2019<\/td>\n<td width=\"37\"><strong>60\u20ac<\/strong><\/td>\n<\/tr>\n<tr>\n<td width=\"193\">\u00a0Diet\u00e8tica i nutrici\u00f3 (<em>Coaching<\/em>)<\/td>\n<td width=\"48\">45\u2019-60\u2019<\/td>\n<td width=\"37\"><strong>60\u20ac<\/strong><\/td>\n<\/tr>\n<tr>\n<td width=\"193\">\u00a0EMDR<\/td>\n<td width=\"48\">60&#8242;<\/td>\n<td width=\"37\"><strong>70\u20ac<\/strong><\/td>\n<\/tr>\n<tr>\n<td width=\"193\">\u00a0Ter\u00e0pia de parella<\/td>\n<td width=\"48\">60&#8242;<\/td>\n<td width=\"37\"><strong>80\u20ac<\/strong><\/td>\n<\/tr>\n<tr>\n<td width=\"193\">\u00a0Osteopatia<\/td>\n<td width=\"48\">30&#8242;<\/td>\n<td width=\"37\"><strong>60\u20ac<\/strong><\/td>\n<\/tr>\n<tr>\n<td width=\"193\"><\/td>\n<td width=\"48\"><\/td>\n<td width=\"37\"><\/td>\n<\/tr>\n<tr>\n<td width=\"193\"><\/td>\n<td width=\"48\"><\/td>\n<td width=\"37\"><\/td>\n<\/tr>\n<tr>\n<td width=\"193\"><\/td>\n<td width=\"48\"><\/td>\n<td width=\"37\"><\/td>\n<\/tr>\n<tr>\n<td width=\"193\"><\/td>\n<td width=\"48\"><\/td>\n<td width=\"37\"><\/td>\n<\/tr>\n<tr>\n<td width=\"193\"><\/td>\n<td width=\"48\"><\/td>\n<td width=\"37\"><\/td>\n<\/tr>\n<tr>\n<td width=\"193\"><\/td>\n<td width=\"48\"><\/td>\n<td width=\"37\"><\/td>\n<\/tr>\n<tr>\n<td width=\"193\"><\/td>\n<td width=\"48\"><\/td>\n<td width=\"37\"><\/td>\n<\/tr>\n<\/tbody>\n<\/table>\n<\/div><div class=\"fusion-clearfix\"><\/div><\/div><\/div><\/div><\/div>\n","protected":false},"excerpt":{"rendered":"","protected":false},"author":1,"featured_media":0,"parent":0,"menu_order":0,"comment_status":"closed","ping_status":"closed","template":"","meta":{"footnotes":""},"_links":{"self":[{"href":"https:\/\/www.tonimartinmedic.com\/ca\/wp-json\/wp\/v2\/pages\/2206"}],"collection":[{"href":"https:\/\/www.tonimartinmedic.com\/ca\/wp-json\/wp\/v2\/pages"}],"about":[{"href":"https:\/\/www.tonimartinmedic.com\/ca\/wp-json\/wp\/v2\/types\/page"}],"author":[{"embeddable":true,"href":"https:\/\/www.tonimartinmedic.com\/ca\/wp-json\/wp\/v2\/users\/1"}],"replies":[{"embeddable":true,"href":"https:\/\/www.tonimartinmedic.com\/ca\/wp-json\/wp\/v2\/comments?post=2206"}],"version-history":[{"count":3,"href":"https:\/\/www.tonimartinmedic.com\/ca\/wp-json\/wp\/v2\/pages\/2206\/revisions"}],"predecessor-version":[{"id":2386,"href":"https:\/\/www.tonimartinmedic.com\/ca\/wp-json\/wp\/v2\/pages\/2206\/revisions\/2386"}],"wp:attachment":[{"href":"https:\/\/www.tonimartinmedic.com\/ca\/wp-json\/wp\/v2\/media?parent=2206"}],"curies":[{"name":"wp","href":"https:\/\/api.w.org\/{rel}","templated":true}]}}