{"id":2179,"date":"2017-09-23T12:12:07","date_gmt":"2017-09-23T10:12:07","guid":{"rendered":"http:\/\/www.tonimartinmedic.com\/?page_id=2179\/"},"modified":"2020-06-22T10:39:28","modified_gmt":"2020-06-22T08:39:28","slug":"el-dolor-com-a-simptoma","status":"publish","type":"page","link":"https:\/\/www.tonimartinmedic.com\/ca\/el-dolor-com-a-simptoma\/","title":{"rendered":"El dolor com a simptoma"},"content":{"rendered":"<div class=\"fusion-fullwidth fullwidth-box fusion-builder-row-1 nonhundred-percent-fullwidth non-hundred-percent-height-scrolling fusion-equal-height-columns\"  style='background-color: rgba(255,255,255,0);background-position: left top;background-repeat: no-repeat;padding-top:60px;padding-right:0px;padding-bottom:100px;padding-left:0px;border-top-width:0px;border-bottom-width:0px;border-color:#eae9e9;border-top-style:solid;border-bottom-style:solid;'><div class=\"fusion-builder-row fusion-row \"><div  class=\"fusion-layout-column fusion_builder_column fusion_builder_column_2_3 fusion-builder-column-0 fusion-two-third fusion-column-first 2_3\"  style='margin-top:0px;margin-bottom:30px;width:65.3333%; margin-right: 4%;'><div class=\"fusion-column-wrapper\" style=\"background-color:#ffffff;border:1px solid #dddddd;padding: 40px;background-position:left top;background-repeat:no-repeat;-webkit-background-size:cover;-moz-background-size:cover;-o-background-size:cover;background-size:cover;\"   data-bg-url=\"\"><div class=\"fusion-text\"><h2>El dolor com a s\u00edmptoma<\/h2>\n<\/div><div class=\"fusion-text\"><p><strong>El DOLOR es el s\u00edntoma predominante de cualquier queja del paciente en la consulta m\u00e9dica.<\/strong><\/p>\n<ul>\n<li>En la consulta se expresa no \u00fanicamente el <strong>dolor f\u00edsico <\/strong>(ya de origen som\u00e1tico, visceral o neurop\u00e1tico), sino tambi\u00e9n el <strong>dolor psicol\u00f3gico<\/strong><strong>.<\/strong> Los dos deben ser atendidos, y m\u00e1s sabiendo las implicaciones causa-efecto que tienen el uno con el otro.<\/li>\n<\/ul>\n<p>En el <strong>DOLOR F\u00cdSICO<\/strong> nos interesa distinguir si su causa tiene un origen \u201corg\u00e1nico\u201d o \u201cfuncional\u201d<\/p>\n<ul>\n<li>El <strong>dolor de origen org\u00e1nico <\/strong>suele ser el s\u00edntoma de enfermedades m\u00e1s o menos graves que precisan una derivaci\u00f3n hacia los colegas especialistas de los diferentes sistemas: digestivo, neurol\u00f3gico, respiratorio, cardiovascular, urol\u00f3gico, ginecol\u00f3gico, endocrinol\u00f3gico u oncol\u00f3gico.<\/li>\n<li>El <strong>dolor de origen funcional <\/strong>en cambio, suele ser causado por aspectos biomec\u00e1nicos, en este caso se trata de dolores provocados por tensiones musculares o por actitudes posturales incorrectas.<\/li>\n<\/ul>\n<p><strong> \u2192<\/strong> Ver <strong><u>Diagn\u00f3stico y tratamiento del dolor de origen mec\u00e1nico. <\/u><\/strong><\/p>\n<p><strong> \u2192<\/strong> Ver <strong><u>Reeducaci\u00f3n postural.<\/u><\/strong><\/p>\n<p>El <strong>DOLOR PSICOL\u00d3GICO<\/strong> siempre tiene un origen emocional. Las emociones de Ansiedad, Rabia y Depresi\u00f3n necesitan ser tratadas con t\u00e9cnicas de psicoterapia eficaces.<\/p>\n<p>\u2192 Ver <strong><u>Psicoterapia cognitivo-conductual.<\/u><\/strong><\/p>\n<h3><\/h3>\n<blockquote>\n<p><strong>El dolor f\u00edsico \u201cfuncional\u201d y el dolor \u201cpsicol\u00f3gico\u201d coexisten en los llamados &#8220;trastornos psicosom\u00e1ticos&#8221;<\/strong><\/p>\n<\/blockquote>\n<p><strong><u>\u00a0<\/u><\/strong><\/p>\n<\/div><div class=\"fusion-clearfix\"><\/div><\/div><\/div><div  class=\"fusion-layout-column fusion_builder_column fusion_builder_column_1_3 fusion-builder-column-1 fusion-one-third fusion-column-last 1_3\"  style='margin-top:0px;margin-bottom:30px;width:30.6666%'><div class=\"fusion-column-wrapper\" style=\"background-color:#ffffff;border:1px solid #dddddd;padding: 30px;background-position:left top;background-repeat:no-repeat;-webkit-background-size:cover;-moz-background-size:cover;-o-background-size:cover;background-size:cover;\"   data-bg-url=\"\"><div class=\"fusion-text\"><h4><i class=\"fa fa-file-o\"><\/i>\u00a0\u00a0 P\u00c0GINES RELACIONADES<\/h4>\n<\/div><div class=\"fusion-sep-clear\"><\/div><div class=\"fusion-separator fusion-full-width-sep sep-single sep-solid\" style=\"border-color:#3bafbf;border-top-width:2px;margin-left: auto;margin-right: auto;margin-top:0px;margin-bottom:30px;width:100%;max-width:100%;\"><\/div><ul class=\"fusion-checklist fusion-checklist-1\" style=\"font-size:18px;line-height:30.6px;\"><li class=\"fusion-li-item\"><span style=\"height:30.6px;width:30.6px;margin-right:12.6px;\" class=\"icon-wrapper circle-no\"><i class=\"fusion-li-icon fa fa-arrow-right\" style=\"color:#76c8d3;\"><\/i><\/span><div class=\"fusion-li-item-content\" style=\"margin-left:43.2px;\">\n<p><a href=\"http:\/\/www.tonimartinmedic.com\/ca\/el-dolor-com-a-simptoma\/\">El dolor com a s\u00edmptoma<\/a><\/p>\n<\/div><\/li><li class=\"fusion-li-item\"><span style=\"height:30.6px;width:30.6px;margin-right:12.6px;\" class=\"icon-wrapper circle-no\"><i class=\"fusion-li-icon fa fa-arrow-right\" style=\"color:#76c8d3;\"><\/i><\/span><div class=\"fusion-li-item-content\" style=\"margin-left:43.2px;\">\n<p><a href=\"http:\/\/www.tonimartinmedic.com\/ca\/el-dolor-en-la-consulta-medica\/\">El dolor en la consulta m\u00e8dica<\/a><\/p>\n<\/div><\/li><li class=\"fusion-li-item\"><span style=\"height:30.6px;width:30.6px;margin-right:12.6px;\" class=\"icon-wrapper circle-no\"><i class=\"fusion-li-icon fa fa-arrow-right\" style=\"color:#76c8d3;\"><\/i><\/span><div class=\"fusion-li-item-content\" style=\"margin-left:43.2px;\">\n<p><a href=\"http:\/\/www.tonimartinmedic.com\/ca\/malalties-mes-frequents\/\">Les malalties m\u00e9s freq\u00fcents<\/a><\/p>\n<\/div><\/li><li class=\"fusion-li-item\"><span style=\"height:30.6px;width:30.6px;margin-right:12.6px;\" class=\"icon-wrapper circle-no\"><i class=\"fusion-li-icon fa fa-arrow-right\" style=\"color:#76c8d3;\"><\/i><\/span><div class=\"fusion-li-item-content\" style=\"margin-left:43.2px;\">\n<p><a href=\"http:\/\/www.tonimartinmedic.com\/ca\/proves-diagnostiques-mes-habituals\/\">Les proves diagn\u00f2stiques m\u00e9s habituals<\/a><\/p>\n<\/div><\/li><li class=\"fusion-li-item\"><span style=\"height:30.6px;width:30.6px;margin-right:12.6px;\" class=\"icon-wrapper circle-no\"><i class=\"fusion-li-icon fa fa-arrow-right\" style=\"color:#76c8d3;\"><\/i><\/span><div class=\"fusion-li-item-content\" style=\"margin-left:43.2px;\">\n<p><a href=\"http:\/\/www.tonimartinmedic.com\/ca\/practiques-mediques-complementaries\/\">Les pr\u00e0ctiques m\u00e8diques complementaries<\/a><\/p>\n<\/div><\/li><\/ul><div class=\"fusion-sep-clear\"><\/div><div class=\"fusion-separator fusion-full-width-sep sep-none\" style=\"margin-left: auto;margin-right: auto;margin-top:50px;\"><\/div><div class=\"fusion-text\"><h4><i class=\"fa fa-clock-o\"><\/i>\u00a0 \u00a0BLOG<\/h4>\n<\/div><div class=\"fusion-sep-clear\"><\/div><div class=\"fusion-separator fusion-full-width-sep sep-single sep-solid\" style=\"border-color:#3bafbf;border-top-width:2px;margin-left: auto;margin-right: auto;margin-top:0px;margin-bottom:30px;width:100%;max-width:100%;\"><\/div><div class=\"fusion-sep-clear\"><\/div><div class=\"fusion-separator fusion-full-width-sep sep-none\" style=\"margin-left: auto;margin-right: auto;margin-top:30px;\"><\/div><div class=\"fusion-recent-posts fusion-recent-posts-1 avada-container layout-default layout-columns-1\"><section class=\"fusion-columns columns fusion-columns-1 columns-1\"><article class=\"post fusion-column column col col-lg-12 col-md-12 col-sm-12\"><div class=\"fusion-flexslider fusion-flexslider-loading flexslider flexslider-hover-type-none\"><ul class=\"slides\"><li><a href=\"https:\/\/www.tonimartinmedic.com\/ca\/de-la-perfeccio-i-la-felicitat\/\" aria-label=\"De la perfecci\u00f3 i la felicitat&#8230;\" class=\"hover-type-none\"><img loading=\"lazy\" decoding=\"async\" width=\"700\" height=\"441\" src=\"https:\/\/www.tonimartinmedic.com\/wp-content\/uploads\/2020\/06\/shutterstock_133901621-scaled-e1592469854256-700x441.jpg\" class=\"attachment-recent-posts size-recent-posts\" alt=\"\" srcset=\"https:\/\/www.tonimartinmedic.com\/wp-content\/uploads\/2020\/06\/shutterstock_133901621-scaled-e1592469854256-320x202.jpg 320w, https:\/\/www.tonimartinmedic.com\/wp-content\/uploads\/2020\/06\/shutterstock_133901621-scaled-e1592469854256-700x441.jpg 700w\" sizes=\"(max-width: 700px) 100vw, 700px\" \/><\/a><\/li><\/ul><\/div><div class=\"recent-posts-content\"><span class=\"vcard\" style=\"display: none;\"><span class=\"fn\"><a href=\"https:\/\/www.tonimartinmedic.com\/ca\/author\/root\/\" title=\"Entrades de root\" rel=\"author\">root<\/a><\/span><\/span><span class=\"updated\" style=\"display:none;\">2020-06-20T10:57:54+02:00<\/span><h4 class=\"entry-title\"><a href=\"https:\/\/www.tonimartinmedic.com\/ca\/de-la-perfeccio-i-la-felicitat\/\">De la perfecci\u00f3 i la felicitat&#8230;<\/a><\/h4><\/div><\/article><article class=\"post fusion-column column col col-lg-12 col-md-12 col-sm-12\"><div class=\"fusion-flexslider fusion-flexslider-loading flexslider flexslider-hover-type-none\"><ul class=\"slides\"><li><a href=\"https:\/\/www.tonimartinmedic.com\/ca\/hi-ha-algu-interessat-en-el-present\/\" aria-label=\"Hi ha alg\u00fa interessat en el present??\" class=\"hover-type-none\"><img loading=\"lazy\" decoding=\"async\" width=\"700\" height=\"441\" src=\"https:\/\/www.tonimartinmedic.com\/wp-content\/uploads\/2018\/03\/giratiempo-2816270_1280-700x441.jpg\" class=\"attachment-recent-posts size-recent-posts\" alt=\"\" srcset=\"https:\/\/www.tonimartinmedic.com\/wp-content\/uploads\/2018\/03\/giratiempo-2816270_1280-320x202.jpg 320w, https:\/\/www.tonimartinmedic.com\/wp-content\/uploads\/2018\/03\/giratiempo-2816270_1280-700x441.jpg 700w\" sizes=\"(max-width: 700px) 100vw, 700px\" \/><\/a><\/li><\/ul><\/div><div class=\"recent-posts-content\"><span class=\"vcard\" style=\"display: none;\"><span class=\"fn\"><a href=\"https:\/\/www.tonimartinmedic.com\/ca\/author\/root\/\" title=\"Entrades de root\" rel=\"author\">root<\/a><\/span><\/span><span class=\"updated\" style=\"display:none;\">2018-03-27T10:42:22+02:00<\/span><h4 class=\"entry-title\"><a href=\"https:\/\/www.tonimartinmedic.com\/ca\/hi-ha-algu-interessat-en-el-present\/\">Hi ha alg\u00fa interessat en el present??<\/a><\/h4><\/div><\/article><\/section><\/div><div class=\"fusion-clearfix\"><\/div><\/div><\/div><\/div><\/div>\n","protected":false},"excerpt":{"rendered":"","protected":false},"author":1,"featured_media":2831,"parent":0,"menu_order":0,"comment_status":"closed","ping_status":"closed","template":"","meta":{"footnotes":""},"_links":{"self":[{"href":"https:\/\/www.tonimartinmedic.com\/ca\/wp-json\/wp\/v2\/pages\/2179"}],"collection":[{"href":"https:\/\/www.tonimartinmedic.com\/ca\/wp-json\/wp\/v2\/pages"}],"about":[{"href":"https:\/\/www.tonimartinmedic.com\/ca\/wp-json\/wp\/v2\/types\/page"}],"author":[{"embeddable":true,"href":"https:\/\/www.tonimartinmedic.com\/ca\/wp-json\/wp\/v2\/users\/1"}],"replies":[{"embeddable":true,"href":"https:\/\/www.tonimartinmedic.com\/ca\/wp-json\/wp\/v2\/comments?post=2179"}],"version-history":[{"count":6,"href":"https:\/\/www.tonimartinmedic.com\/ca\/wp-json\/wp\/v2\/pages\/2179\/revisions"}],"predecessor-version":[{"id":2833,"href":"https:\/\/www.tonimartinmedic.com\/ca\/wp-json\/wp\/v2\/pages\/2179\/revisions\/2833"}],"wp:featuredmedia":[{"embeddable":true,"href":"https:\/\/www.tonimartinmedic.com\/ca\/wp-json\/wp\/v2\/media\/2831"}],"wp:attachment":[{"href":"https:\/\/www.tonimartinmedic.com\/ca\/wp-json\/wp\/v2\/media?parent=2179"}],"curies":[{"name":"wp","href":"https:\/\/api.w.org\/{rel}","templated":true}]}}