{"id":2173,"date":"2017-09-23T12:05:47","date_gmt":"2017-09-23T10:05:47","guid":{"rendered":"http:\/\/www.tonimartinmedic.com\/?page_id=2173\/"},"modified":"2020-06-22T10:55:56","modified_gmt":"2020-06-22T08:55:56","slug":"malalties-mes-frequents","status":"publish","type":"page","link":"https:\/\/www.tonimartinmedic.com\/ca\/malalties-mes-frequents\/","title":{"rendered":"Malalties m\u00e9s frequents"},"content":{"rendered":"<div class=\"fusion-fullwidth fullwidth-box fusion-builder-row-1 nonhundred-percent-fullwidth non-hundred-percent-height-scrolling fusion-equal-height-columns\"  style='background-color: rgba(255,255,255,0);background-position: left top;background-repeat: no-repeat;padding-top:60px;padding-right:0px;padding-bottom:100px;padding-left:0px;border-top-width:0px;border-bottom-width:0px;border-color:#eae9e9;border-top-style:solid;border-bottom-style:solid;'><div class=\"fusion-builder-row fusion-row \"><div  class=\"fusion-layout-column fusion_builder_column fusion_builder_column_2_3 fusion-builder-column-0 fusion-two-third fusion-column-first 2_3\"  style='margin-top:0px;margin-bottom:30px;width:65.3333%; margin-right: 4%;'><div class=\"fusion-column-wrapper\" style=\"background-color:#ffffff;border:1px solid #dddddd;padding: 40px;background-position:left top;background-repeat:no-repeat;-webkit-background-size:cover;-moz-background-size:cover;-o-background-size:cover;background-size:cover;\"   data-bg-url=\"\"><div class=\"fusion-text\"><h2>Dol\u00e8ncies m\u00e9s freq\u00fcents<\/h2>\n<\/div><div class=\"fusion-text\"><blockquote>\n<p>Abans de res, recordar que nom\u00e9s una de cada tres persones consulta amb alguna queixa al metge. La majoria dels problemes de salut es resol en el nivell de l&#8217;autocuraci\u00f3\u00a0i mai arriba a coneixement del metge. (White K., 1961) (Green\u00a0L., 2001)<\/p>\n<\/blockquote>\n<h4><strong>DOL\u00c8NCIAS O MALALTIES M\u00c9S COMUNES EN UN CONSULTORI DE MEDICINA GENERAL<\/strong><\/h4>\n<ul>\n<li>Mal de coll: Faringoamigdalitis aguda<\/li>\n<li>S\u00edmptomes catarrals<\/li>\n<li>Dolor d&#8217;o\u00efda<\/li>\n<li>Dolor nasal i\u00a0febre: Sinusitis aguda<\/li>\n<li>S\u00edmptomes\u00a0rinoconjuntivals:\u00a0Polinosis<\/li>\n<li>Tos.<\/li>\n<li>Deshabituaci\u00f3\u00a0tab\u00e0quica<\/li>\n<li>Xiulets,\u00a0febre\u00a0o fatiga de curta evoluci\u00f3: Bronquitis aguda<\/li>\n<li>Febre, tos i dolor costal en respirar: Pneum\u00f2nia<\/li>\n<li>Expectoraci\u00f3 cr\u00f2nica i fatiga de llarga evoluci\u00f3:\u00a0EPOC<\/li>\n<li>Xiulets i fatiga de repetici\u00f3: Asma<\/li>\n<li>Dolor tor\u00e0cic<\/li>\n<li>Palpitacions<\/li>\n<li>Fatiga\u00a0amb edemes o sense:\u00a0Insufici\u00e8ncia\u00a0card\u00edaca<\/li>\n<li>Dolor\u00a0abdominal<\/li>\n<li>Mal de panxa i acidesa<\/li>\n<li>Diarrea aguda<\/li>\n<li>Diarrea cr\u00f2nica<\/li>\n<li>Restrenyiment<\/li>\n<li>Co\u00efssor urin\u00e0ria: Infecci\u00f3 en l&#8217;orina<\/li>\n<li>Mal de cap<\/li>\n<li>Mareig\u00a0i vertigen<\/li>\n<li>Lesions\u00a0cut\u00e0nies: \u00c8czemes<\/li>\n<li>Dolors\u00a0articulars: Artrosis<\/li>\n<li>Dolor cervical<\/li>\n<li>Espatlla dolorosa<\/li>\n<li>Dolor\u00a0de m\u00e0 i dits<\/li>\n<li>Mal de genoll<\/li>\n<li>Mal d&#8217;esquena<\/li>\n<li>Disminuci\u00f3 de l&#8217;agudesa visual<\/li>\n<li>Ull vermell<\/li>\n<li>Depressi\u00f3<\/li>\n<li>Ansietat<\/li>\n<li>Insomni<\/li>\n<li>Alteracions menstruals<\/li>\n<li>Vaginitis<\/li>\n<li>Embalum mamari<\/li>\n<li>Febre<\/li>\n<li>Cansament i feblesa:\u00a0Ast\u00e8nia<\/li>\n<\/ul>\n<p>CONTROL DE PATOLOGIES CR\u00d2NIQUES:<\/p>\n<ul>\n<li>Obesitat<\/li>\n<li>Tensi\u00f3 arterial elevada<\/li>\n<li>Diabetis\u00a0mellitus<\/li>\n<li>Hipercolesterol\u00e8mia\u00a0i risc cardiovascular<\/li>\n<li>Hipertransaminas\u00e8mia<\/li>\n<li>An\u00e8mia<\/li>\n<li>Alteracions de les hormones\u00a0tiroidals<\/li>\n<\/ul>\n<p><strong>D&#8217;aquesta llista, les\u00a0malalties\u00a0que tracto amb major freq\u00fc\u00e8ncia en el meu consultori s\u00f3n:<br \/>\n<\/strong><\/p>\n<ul>\n<li><strong>Dolor tor\u00e0cic<\/strong><\/li>\n<li><strong>Palpitacions<\/strong><\/li>\n<li><strong>Mal de panxa<\/strong><\/li>\n<li><strong>Mal de cap<\/strong><\/li>\n<li><strong>Mareig\u00a0i vertigen<\/strong><\/li>\n<li><strong>Dolors\u00a0articulars: artrosis<\/strong><\/li>\n<li><strong>Dolor cervical<\/strong><\/li>\n<li><strong>Espatlla dolorosa<\/strong><\/li>\n<li><strong>Mal\u00a0de genoll<\/strong><\/li>\n<li><strong>Mal d&#8217;esquena<\/strong><\/li>\n<li><strong>Depressi\u00f3<\/strong><\/li>\n<li><strong>Ansietat<\/strong><\/li>\n<li><strong>Insomni<\/strong><\/li>\n<li><strong>Cansament i feblesa: ast\u00e8nia<\/strong><\/li>\n<li><strong>Deshabituaci\u00f3 tab\u00e0quica<\/strong><\/li>\n<\/ul>\n<p><strong><u>\u00a0<\/u><\/strong><\/p>\n<\/div><div class=\"fusion-sep-clear\"><\/div><div class=\"fusion-separator fusion-full-width-sep sep-none\" style=\"margin-left: auto;margin-right: auto;margin-top:30px;\"><\/div><div class=\"fusion-clearfix\"><\/div><\/div><\/div><div  class=\"fusion-layout-column fusion_builder_column fusion_builder_column_1_3 fusion-builder-column-1 fusion-one-third fusion-column-last 1_3\"  style='margin-top:0px;margin-bottom:30px;width:30.6666%'><div class=\"fusion-column-wrapper\" style=\"background-color:#ffffff;border:1px solid #dddddd;padding: 30px;background-position:left top;background-repeat:no-repeat;-webkit-background-size:cover;-moz-background-size:cover;-o-background-size:cover;background-size:cover;\"   data-bg-url=\"\"><div class=\"fusion-text\"><h4><i class=\"fa fa-file-o\"><\/i>\u00a0\u00a0 P\u00c0GINES RELACIONADES<\/h4>\n<\/div><div class=\"fusion-sep-clear\"><\/div><div class=\"fusion-separator fusion-full-width-sep sep-single sep-solid\" style=\"border-color:#3bafbf;border-top-width:2px;margin-left: auto;margin-right: auto;margin-top:0px;margin-bottom:30px;width:100%;max-width:100%;\"><\/div><ul class=\"fusion-checklist fusion-checklist-1\" style=\"font-size:18px;line-height:30.6px;\"><li class=\"fusion-li-item\"><span style=\"height:30.6px;width:30.6px;margin-right:12.6px;\" class=\"icon-wrapper circle-no\"><i class=\"fusion-li-icon fa fa-arrow-right\" style=\"color:#76c8d3;\"><\/i><\/span><div class=\"fusion-li-item-content\" style=\"margin-left:43.2px;\">\n<p><a href=\"http:\/\/www.tonimartinmedic.com\/ca\/el-dolor-com-a-simptoma\/\">El dolor com a s\u00edmptoma<\/a><\/p>\n<\/div><\/li><li class=\"fusion-li-item\"><span style=\"height:30.6px;width:30.6px;margin-right:12.6px;\" class=\"icon-wrapper circle-no\"><i class=\"fusion-li-icon fa fa-arrow-right\" style=\"color:#76c8d3;\"><\/i><\/span><div class=\"fusion-li-item-content\" style=\"margin-left:43.2px;\">\n<p><a href=\"http:\/\/www.tonimartinmedic.com\/ca\/el-dolor-en-la-consulta-medica\/\">El dolor en la consulta m\u00e8dica<\/a><\/p>\n<\/div><\/li><li class=\"fusion-li-item\"><span style=\"height:30.6px;width:30.6px;margin-right:12.6px;\" class=\"icon-wrapper circle-no\"><i class=\"fusion-li-icon fa fa-arrow-right\" style=\"color:#76c8d3;\"><\/i><\/span><div class=\"fusion-li-item-content\" style=\"margin-left:43.2px;\">\n<p><a href=\"http:\/\/www.tonimartinmedic.com\/ca\/malalties-mes-frequents\/\">Les malalties m\u00e9s freq\u00fcents<\/a><\/p>\n<\/div><\/li><li class=\"fusion-li-item\"><span style=\"height:30.6px;width:30.6px;margin-right:12.6px;\" class=\"icon-wrapper circle-no\"><i class=\"fusion-li-icon fa fa-arrow-right\" style=\"color:#76c8d3;\"><\/i><\/span><div class=\"fusion-li-item-content\" style=\"margin-left:43.2px;\">\n<p><a href=\"http:\/\/www.tonimartinmedic.com\/ca\/proves-diagnostiques-mes-habituals\/\">Les proves diagn\u00f2stiques m\u00e9s habituals<\/a><\/p>\n<\/div><\/li><li class=\"fusion-li-item\"><span style=\"height:30.6px;width:30.6px;margin-right:12.6px;\" class=\"icon-wrapper circle-no\"><i class=\"fusion-li-icon fa fa-arrow-right\" style=\"color:#76c8d3;\"><\/i><\/span><div class=\"fusion-li-item-content\" style=\"margin-left:43.2px;\">\n<p><a href=\"http:\/\/www.tonimartinmedic.com\/ca\/practiques-mediques-complementaries\/\">Les pr\u00e0ctiques m\u00e8diques complementaries<\/a><\/p>\n<\/div><\/li><\/ul><div class=\"fusion-sep-clear\"><\/div><div class=\"fusion-separator fusion-full-width-sep sep-none\" style=\"margin-left: auto;margin-right: auto;margin-top:50px;\"><\/div><div class=\"fusion-text\"><h4><i class=\"fa fa-clock-o\"><\/i>\u00a0 \u00a0BLOG<\/h4>\n<\/div><div class=\"fusion-sep-clear\"><\/div><div class=\"fusion-separator fusion-full-width-sep sep-single sep-solid\" style=\"border-color:#3bafbf;border-top-width:2px;margin-left: auto;margin-right: auto;margin-top:0px;margin-bottom:30px;width:100%;max-width:100%;\"><\/div><div class=\"fusion-sep-clear\"><\/div><div class=\"fusion-separator fusion-full-width-sep sep-none\" style=\"margin-left: auto;margin-right: auto;margin-top:30px;\"><\/div><div class=\"fusion-recent-posts fusion-recent-posts-1 avada-container layout-default layout-columns-1\"><section class=\"fusion-columns columns fusion-columns-1 columns-1\"><article class=\"post fusion-column column col col-lg-12 col-md-12 col-sm-12\"><div class=\"fusion-flexslider fusion-flexslider-loading flexslider flexslider-hover-type-none\"><ul class=\"slides\"><li><a href=\"https:\/\/www.tonimartinmedic.com\/ca\/de-la-perfeccio-i-la-felicitat\/\" aria-label=\"De la perfecci\u00f3 i la felicitat&#8230;\" class=\"hover-type-none\"><img loading=\"lazy\" decoding=\"async\" width=\"700\" height=\"441\" src=\"https:\/\/www.tonimartinmedic.com\/wp-content\/uploads\/2020\/06\/shutterstock_133901621-scaled-e1592469854256-700x441.jpg\" class=\"attachment-recent-posts size-recent-posts\" alt=\"\" srcset=\"https:\/\/www.tonimartinmedic.com\/wp-content\/uploads\/2020\/06\/shutterstock_133901621-scaled-e1592469854256-320x202.jpg 320w, https:\/\/www.tonimartinmedic.com\/wp-content\/uploads\/2020\/06\/shutterstock_133901621-scaled-e1592469854256-700x441.jpg 700w\" sizes=\"(max-width: 700px) 100vw, 700px\" \/><\/a><\/li><\/ul><\/div><div class=\"recent-posts-content\"><span class=\"vcard\" style=\"display: none;\"><span class=\"fn\"><a href=\"https:\/\/www.tonimartinmedic.com\/ca\/author\/root\/\" title=\"Entrades de root\" rel=\"author\">root<\/a><\/span><\/span><span class=\"updated\" style=\"display:none;\">2020-06-20T10:57:54+02:00<\/span><h4 class=\"entry-title\"><a href=\"https:\/\/www.tonimartinmedic.com\/ca\/de-la-perfeccio-i-la-felicitat\/\">De la perfecci\u00f3 i la felicitat&#8230;<\/a><\/h4><\/div><\/article><article class=\"post fusion-column column col col-lg-12 col-md-12 col-sm-12\"><div class=\"fusion-flexslider fusion-flexslider-loading flexslider flexslider-hover-type-none\"><ul class=\"slides\"><li><a href=\"https:\/\/www.tonimartinmedic.com\/ca\/hi-ha-algu-interessat-en-el-present\/\" aria-label=\"Hi ha alg\u00fa interessat en el present??\" class=\"hover-type-none\"><img loading=\"lazy\" decoding=\"async\" width=\"700\" height=\"441\" src=\"https:\/\/www.tonimartinmedic.com\/wp-content\/uploads\/2018\/03\/giratiempo-2816270_1280-700x441.jpg\" class=\"attachment-recent-posts size-recent-posts\" alt=\"\" srcset=\"https:\/\/www.tonimartinmedic.com\/wp-content\/uploads\/2018\/03\/giratiempo-2816270_1280-320x202.jpg 320w, https:\/\/www.tonimartinmedic.com\/wp-content\/uploads\/2018\/03\/giratiempo-2816270_1280-700x441.jpg 700w\" sizes=\"(max-width: 700px) 100vw, 700px\" \/><\/a><\/li><\/ul><\/div><div class=\"recent-posts-content\"><span class=\"vcard\" style=\"display: none;\"><span class=\"fn\"><a href=\"https:\/\/www.tonimartinmedic.com\/ca\/author\/root\/\" title=\"Entrades de root\" rel=\"author\">root<\/a><\/span><\/span><span class=\"updated\" style=\"display:none;\">2018-03-27T10:42:22+02:00<\/span><h4 class=\"entry-title\"><a href=\"https:\/\/www.tonimartinmedic.com\/ca\/hi-ha-algu-interessat-en-el-present\/\">Hi ha alg\u00fa interessat en el present??<\/a><\/h4><\/div><\/article><\/section><\/div><div class=\"fusion-clearfix\"><\/div><\/div><\/div><\/div><\/div>\n","protected":false},"excerpt":{"rendered":"","protected":false},"author":1,"featured_media":2838,"parent":0,"menu_order":0,"comment_status":"closed","ping_status":"closed","template":"","meta":{"footnotes":""},"_links":{"self":[{"href":"https:\/\/www.tonimartinmedic.com\/ca\/wp-json\/wp\/v2\/pages\/2173"}],"collection":[{"href":"https:\/\/www.tonimartinmedic.com\/ca\/wp-json\/wp\/v2\/pages"}],"about":[{"href":"https:\/\/www.tonimartinmedic.com\/ca\/wp-json\/wp\/v2\/types\/page"}],"author":[{"embeddable":true,"href":"https:\/\/www.tonimartinmedic.com\/ca\/wp-json\/wp\/v2\/users\/1"}],"replies":[{"embeddable":true,"href":"https:\/\/www.tonimartinmedic.com\/ca\/wp-json\/wp\/v2\/comments?post=2173"}],"version-history":[{"count":4,"href":"https:\/\/www.tonimartinmedic.com\/ca\/wp-json\/wp\/v2\/pages\/2173\/revisions"}],"predecessor-version":[{"id":2304,"href":"https:\/\/www.tonimartinmedic.com\/ca\/wp-json\/wp\/v2\/pages\/2173\/revisions\/2304"}],"wp:featuredmedia":[{"embeddable":true,"href":"https:\/\/www.tonimartinmedic.com\/ca\/wp-json\/wp\/v2\/media\/2838"}],"wp:attachment":[{"href":"https:\/\/www.tonimartinmedic.com\/ca\/wp-json\/wp\/v2\/media?parent=2173"}],"curies":[{"name":"wp","href":"https:\/\/api.w.org\/{rel}","templated":true}]}}