{"id":2169,"date":"2017-09-23T12:03:05","date_gmt":"2017-09-23T10:03:05","guid":{"rendered":"http:\/\/www.tonimartinmedic.com\/?page_id=2169\/"},"modified":"2017-09-24T14:38:35","modified_gmt":"2017-09-24T12:38:35","slug":"com-funciona-la-manipulacio-del-dfa-a-nivell-fisiologic","status":"publish","type":"page","link":"https:\/\/www.tonimartinmedic.com\/ca\/com-funciona-la-manipulacio-del-dfa-a-nivell-fisiologic\/","title":{"rendered":"Com funciona la manipulaci\u00f3 del DFA a nivell fisiol\u00f2gic"},"content":{"rendered":"<div class=\"fusion-fullwidth fullwidth-box fusion-builder-row-1 nonhundred-percent-fullwidth non-hundred-percent-height-scrolling fusion-equal-height-columns\"  style='background-color: rgba(255,255,255,0);background-position: left top;background-repeat: no-repeat;padding-top:60px;padding-right:0px;padding-bottom:100px;padding-left:0px;border-top-width:0px;border-bottom-width:0px;border-color:#eae9e9;border-top-style:solid;border-bottom-style:solid;'><div class=\"fusion-builder-row fusion-row \"><div  class=\"fusion-layout-column fusion_builder_column fusion_builder_column_2_3 fusion-builder-column-0 fusion-two-third fusion-column-first 2_3\"  style='margin-top:0px;margin-bottom:30px;width:65.3333%; margin-right: 4%;'><div class=\"fusion-column-wrapper\" style=\"background-color:#ffffff;border:1px solid #dddddd;padding: 40px;background-position:left top;background-repeat:no-repeat;-webkit-background-size:cover;-moz-background-size:cover;-o-background-size:cover;background-size:cover;\"   data-bg-url=\"\"><div class=\"fusion-text\"><h2>Com funciona la manipulaci\u00f3 f\u00edsica del DFA a nivell fisiol\u00f2gic<\/h2>\n<\/div><div class=\"fusion-text\"><p><img loading=\"lazy\" decoding=\"async\" class=\"size-medium wp-image-1996 alignright\" src=\"http:\/\/www.tonimartinmedic.com\/wp-content\/uploads\/2017\/07\/motoneuronas-01-300x239.jpg\" alt=\"\" width=\"300\" height=\"239\" srcset=\"https:\/\/www.tonimartinmedic.com\/wp-content\/uploads\/2017\/07\/motoneuronas-01-177x142.jpg 177w, https:\/\/www.tonimartinmedic.com\/wp-content\/uploads\/2017\/07\/motoneuronas-01-200x159.jpg 200w, https:\/\/www.tonimartinmedic.com\/wp-content\/uploads\/2017\/07\/motoneuronas-01-300x239.jpg 300w, https:\/\/www.tonimartinmedic.com\/wp-content\/uploads\/2017\/07\/motoneuronas-01.jpg 377w\" sizes=\"(max-width: 300px) 100vw, 300px\" \/>Motoneurona GAMMA (parte inferior del cerebro)<\/p>\n<p>Es una parte innata y subconsciente que nos permite responder de manera r\u00e1pida, como un reflejo. Sirve para mantener la seguridad.<\/p>\n<p>\u00e0En los beb\u00e9s: promueve la acci\u00f3n de chupar, agarrar&#8230;<\/p>\n<p>Motoneurona ALFA (parte superior del cerebro)<\/p>\n<p>Se encarga de habilidades con conciencia.<\/p>\n<p>Pero con la pr\u00e1ctica continua se vuelve inconsciente. Cuando se vuelve inconsciente, se a\u00f1aden nuevas habilidades y conocimientos de manera cada vez menos consciente, y que se convierten en parte de nuestro patr\u00f3n<\/p>\n<p>\u00e0 Aprender a conducir, aprender un idioma&#8230;<\/p>\n<p>Nacemos con pocas habilidades innatas. Las aprendemos de modo lento y muy a menudo doloroso.<\/p>\n<p>Una vez aprendidas olvidamos c\u00f3mo lo hicimos, y la habilidad pasa de lo consciente a lo inconsciente.<\/p>\n<p><u>Es dif\u00edcil volver a tomar conciencia de c\u00f3mo se hizo.<\/u> (Cuesta acceder a volver a examinar los patrones)<\/p>\n<p>El tejido muscular por s\u00ed mismo no posee sensores de dolor.<\/p>\n<p>Los sensores est\u00e1n en el tejido conjuntivo: fascias, c\u00e1psulas articulares<\/p>\n<p>Para sentirnos a nosotros mismos necesitamos <strong>movimiento<\/strong> y <strong>contacto<\/strong>: as\u00ed funciona nuestro sistema propioceptivo.<\/p>\n<p>Los husos musculares no ofrecen mucha informaci\u00f3n al SNC, los tendones s\u00ed.<\/p>\n<p>Se ve en el reflejo rotuliano: al golpear el tend\u00f3n se provoca un alargamiento, el SNC deduce \u2018es demasiado largo\u2019 y el m\u00fasculo se acorta.<\/p>\n<p>Este sistema autom\u00e1tico nos protege pero no podemos crecer: la reacci\u00f3n sucede sin otra posible alternativa.<\/p>\n<p>Los OT de Golgi \u00a0se hallan en las inserciones, tienen fibras que atraviesan el tend\u00f3n o ligamento, y funcionan como bar\u00f3metros diminutos del SISTEMA MUSCULAR ALFA (superior y conciente),<\/p>\n<p>Estos \u00f3rganos miden tensi\u00f3n \/ fuerza \/ y cantidad de energ\u00eda que resulta de los cambios de longitud de los m\u00fasculos:<\/p>\n<ul>\n<li>Impiden y limitan el da\u00f1o muscular.<\/li>\n<li>Dan informaci\u00f3n para que los m\u00fasculos puedan adaptarse a todo tipo de tareas: desde levantar pesas a plumas.<\/li>\n<\/ul>\n<p>El ARCO Golgi es inconsciente , te ense\u00f1a cuanta presi\u00f3n es necesaria para coger diferentes pesos.<\/p>\n<p>Son h\u00e1bitos conscientes, inconscientemente adquiridos.<\/p>\n<p>Sea lo que sea a lo que nos acostumbremos, es lo que consideramos \u201cNORMAL\u201d.<\/p>\n<p><u>Y normal puede llegar a ser retener la respiraci\u00f3n o el bruxismo&#8230;<\/u><\/p>\n<p>\u00bfC\u00d3MO AFECTA LA MANIPULACI\u00d3N DFA AL \u00d3RGANO DE GOLGI?<\/p>\n<p>(Facilitaci\u00f3n neuro-muscular propioceptiva) (Reflejo inverso de estiramiento)<\/p>\n<ul>\n<li>El movimiento tiene que ser NO LINEAL y que llegue a patrones de movimiento en los segmentos con movimientos rotatorios y en diagonal.<\/li>\n<li>Tampoco tiene que haber esfuerzo<\/li>\n<li>Y acompa\u00f1ado de interacci\u00f3n verbal.<\/li>\n<\/ul>\n<p>Solo as\u00ed se produce un cambio.<\/p>\n<h3>DIFERENTES HIP\u00d3TESIS (2001)<\/h3>\n<p><strong>Hip\u00f3tesis 1<\/strong><br \/>\nEl movimiento sofisticado (el\u00edptico y espiroidal) del DFA permite entrar en el patr\u00f3n de tensi\u00f3n preexistente con la cantidad precisa de velocidad y ritmo \/ y de tensi\u00f3n (grado de fuerza).<\/p>\n<p>Y as\u00ed sostenerlo durante el tiempo adecuado para que el aparato de Golgi pueda \u2018percibirse a s\u00ed mismo\u2019 \u2018pueda tener una noci\u00f3n de su existencia\u2019.<\/p>\n<p>Al entrar en el patr\u00f3n: propiocepci\u00f3n, y reajuste respecto al patr\u00f3n \u2018normal\u2019, se ofrece ese reflejo de lo que el \u00f3rgano de Golgi considera \u2018normal\u2019<\/p>\n<p>El sistema GOLGI-HUSO MUSCULAR registra siempre el tir\u00f3n \/ atracci\u00f3n de los objetos desde fuera (externa, y la atracci\u00f3n de las emociones desde el entorno interno (interna).<\/p>\n<p>El DFA trabaja interna y externamente, con el movimiento el\u00edptico nos adelantamos y \u201cse desconcierta\u201d el reflejo antiguo<\/p>\n<p><strong>Hip\u00f3tesis 2<\/strong><\/p>\n<p>El movimiento refinado del DFA puede acceder a la respuesta del aparato de Golgi neutralizando el reflejo de estiramiento de los husos, y permitiendo el reajuste del tono muscular, a la vez que aumenta la amplitud del movimiento en las articulaciones y segmentos corporales.<\/p>\n<p><strong>Hip\u00f3tesis 3<\/strong><\/p>\n<p>El movimiento eliptico\/ondulante\/espiroidal caracter\u00edstico del DFA<\/p>\n<ul>\n<li>Imita, mimetiza la manera en que el arco reflejo Golgi trasmite la informaci\u00f3n al sistema ALFA, o c\u00f3mo deber\u00eda transmitirlo cuando funciona bien.<\/li>\n<li>Interrumpe el mecanismo regulador fijado (aprendido), y disminuye el nivel de excitabilidad que los m\u00fasculos han aprendido a mantener restaurando una tonicidad m\u00e1s relajada.<\/li>\n<li>Permite que el sistema se perciba a s\u00ed mismo en actitud de reposo y poco a poco devuelve a la homeostasis.<\/li>\n<\/ul>\n<p>El practicante se convierte en parte del sistema propioceptivo de cada persona, interrumpiendo \/ regulando \u2018como un aparato de Golgi\u2019, hasta que este puede volver a su funci\u00f3n. Funciona como espejo, ense\u00f1a algo nuevo, se convierte en el AGT y permite que pueda volver a hacer lo que deba hacer.<br \/>\n<strong>Hip\u00f3tesis 4<\/strong><br \/>\nEl movimiento DFA provoca el \u2018reflejo de estiramiento inverso\u2019 [reflejo miot\u00e1tico inverso]<\/p>\n<p>Los Golgi tienen la oportunidad de reajustar lo que entienden como \u2018normal\u2019 en cuanto a tonicidad, movimiento y amplitud.<\/p>\n<p>Por eso trabajamos en la articulaci\u00f3n y no en los segmentos musculares, y por eso hay una interacci\u00f3n verbal y no solo f\u00edsica.<\/p>\n<p>Y el paciente no tiene que estar ayudando, y no tiene que hacer esfuerzo. Si el paciente se esfuerza, no se puede hacer de espejo.<\/p>\n<p>El cerebro GAMMA es m\u00e1s fuerte y se sobrepone a lo dem\u00e1s.<\/p>\n<p>Para sortearlo hay que invertir este reflejo.<\/p>\n<h3>Hip\u00f3tesis (1989)<\/h3>\n<p>El DFA manipula articulaciones en la que se consigue una cantidad m\u00e1xima de acortamiento pasivo en la longitud de algunos m\u00fasculos, en un tiempo corto (no m\u00e1s de 1 segundo) y provoca un soltar repentino del tono muscular<\/p>\n<p>Entonces, los mismos huesos y tejidos que se hicieron entrar en la 1\u00aa fase del movimiento, son sacados, llevados hacia alargar esas fibras musculares, pero sin llegar al estiramiento. (Se alargan pero no se estiran, para que no ofrezcan resistencia)<\/p>\n<p>Se combinan las dos fases de modo no lineal, para que el sistema GAMMA no pueda adaptarse y para evitar el estiramiento r\u00e1pido<\/p>\n<p>Hay una liberaci\u00f3n en el tono muscular en \u2018reflejo miot\u00e1tico inverso\u2019: al inducir un acortamiento se provoca soltar.<\/p>\n<\/div><div class=\"fusion-sep-clear\"><\/div><div class=\"fusion-separator fusion-full-width-sep sep-none\" style=\"margin-left: auto;margin-right: auto;margin-top:30px;\"><\/div><div class=\"fusion-clearfix\"><\/div><\/div><\/div><div  class=\"fusion-layout-column fusion_builder_column fusion_builder_column_1_3 fusion-builder-column-1 fusion-one-third fusion-column-last 1_3\"  style='margin-top:0px;margin-bottom:30px;width:30.6666%'><div class=\"fusion-column-wrapper\" style=\"background-color:#ffffff;border:1px solid #dddddd;padding: 30px;background-position:left top;background-repeat:no-repeat;-webkit-background-size:cover;-moz-background-size:cover;-o-background-size:cover;background-size:cover;\"   data-bg-url=\"\"><div class=\"fusion-text\"><h4><i class=\"fa fa-file-o\"><\/i>\u00a0\u00a0 P\u00c1GINAS RELACIONADAS<\/h4>\n<\/div><div class=\"fusion-sep-clear\"><\/div><div class=\"fusion-separator fusion-full-width-sep sep-single sep-solid\" style=\"border-color:#3bafbf;border-top-width:2px;margin-left: auto;margin-right: auto;margin-top:0px;margin-bottom:30px;width:100%;max-width:100%;\"><\/div><div class=\"fusion-text\"><\/div><div class=\"fusion-sep-clear\"><\/div><div class=\"fusion-separator fusion-full-width-sep sep-none\" style=\"margin-left: auto;margin-right: auto;margin-top:50px;\"><\/div><div class=\"fusion-sep-clear\"><\/div><div class=\"fusion-separator fusion-full-width-sep sep-single sep-solid\" style=\"border-color:#3bafbf;border-top-width:2px;margin-left: auto;margin-right: auto;margin-top:0px;margin-bottom:30px;width:100%;max-width:100%;\"><\/div><div class=\"fusion-sep-clear\"><\/div><div class=\"fusion-separator fusion-full-width-sep sep-none\" style=\"margin-left: auto;margin-right: auto;margin-top:50px;\"><\/div><div class=\"fusion-sep-clear\"><\/div><div class=\"fusion-separator fusion-full-width-sep sep-single sep-solid\" style=\"border-color:#3bafbf;border-top-width:2px;margin-left: auto;margin-right: auto;margin-top:0px;margin-bottom:30px;width:100%;max-width:100%;\"><\/div><div class=\"fusion-clearfix\"><\/div><\/div><\/div><\/div><\/div>\n","protected":false},"excerpt":{"rendered":"","protected":false},"author":1,"featured_media":0,"parent":0,"menu_order":0,"comment_status":"closed","ping_status":"closed","template":"","meta":{"footnotes":""},"_links":{"self":[{"href":"https:\/\/www.tonimartinmedic.com\/ca\/wp-json\/wp\/v2\/pages\/2169"}],"collection":[{"href":"https:\/\/www.tonimartinmedic.com\/ca\/wp-json\/wp\/v2\/pages"}],"about":[{"href":"https:\/\/www.tonimartinmedic.com\/ca\/wp-json\/wp\/v2\/types\/page"}],"author":[{"embeddable":true,"href":"https:\/\/www.tonimartinmedic.com\/ca\/wp-json\/wp\/v2\/users\/1"}],"replies":[{"embeddable":true,"href":"https:\/\/www.tonimartinmedic.com\/ca\/wp-json\/wp\/v2\/comments?post=2169"}],"version-history":[{"count":4,"href":"https:\/\/www.tonimartinmedic.com\/ca\/wp-json\/wp\/v2\/pages\/2169\/revisions"}],"predecessor-version":[{"id":2279,"href":"https:\/\/www.tonimartinmedic.com\/ca\/wp-json\/wp\/v2\/pages\/2169\/revisions\/2279"}],"wp:attachment":[{"href":"https:\/\/www.tonimartinmedic.com\/ca\/wp-json\/wp\/v2\/media?parent=2169"}],"curies":[{"name":"wp","href":"https:\/\/api.w.org\/{rel}","templated":true}]}}