{"id":1837,"date":"2017-07-12T18:56:50","date_gmt":"2017-07-12T16:56:50","guid":{"rendered":"http:\/\/www.tonimartinmedic.com\/curriculum-y-docencia\/"},"modified":"2017-09-20T20:22:18","modified_gmt":"2017-09-20T18:22:18","slug":"docencia-i-formacio","status":"publish","type":"page","link":"https:\/\/www.tonimartinmedic.com\/ca\/docencia-i-formacio\/","title":{"rendered":"Doc\u00e8ncia i formaci\u00f3"},"content":{"rendered":"<div class=\"fusion-fullwidth fullwidth-box fusion-builder-row-1 nonhundred-percent-fullwidth non-hundred-percent-height-scrolling\"  style='background-color: #f7f7f7;background-position: center center;background-repeat: no-repeat;padding-top:100px;padding-right:0px;padding-bottom:130px;padding-left:0px;border-top-width:0px;border-bottom-width:0px;border-color:#eae9e9;border-top-style:solid;border-bottom-style:solid;'><div class=\"fusion-builder-row fusion-row \"><div  class=\"fusion-layout-column fusion_builder_column fusion_builder_column_1_6 fusion-builder-column-0 fusion-one-sixth fusion-column-first fusion-no-small-visibility 1_6\"  style='margin-top:0px;margin-bottom:30px;width:13.3333%; margin-right: 4%;'><div class=\"fusion-column-wrapper\" style=\"background-position:left top;background-repeat:no-repeat;-webkit-background-size:cover;-moz-background-size:cover;-o-background-size:cover;background-size:cover;\"   data-bg-url=\"\"><div class=\"fusion-sep-clear\"><\/div><div class=\"fusion-separator fusion-full-width-sep sep-none\" style=\"margin-left: auto;margin-right: auto;margin-top:;\"><\/div><div class=\"fusion-clearfix\"><\/div><\/div><\/div><div  class=\"fusion-layout-column fusion_builder_column fusion_builder_column_2_3 fusion-builder-column-1 fusion-two-third 2_3\"  style='margin-top:0px;margin-bottom:30px;width:65.3333%; margin-right: 4%;'><div class=\"fusion-column-wrapper\" style=\"background-position:left top;background-repeat:no-repeat;-webkit-background-size:cover;-moz-background-size:cover;-o-background-size:cover;background-size:cover;\"   data-bg-url=\"\"><div class=\"fusion-sep-clear\"><\/div><div class=\"fusion-separator fusion-full-width-sep sep-none\" style=\"margin-left: auto;margin-right: auto;margin-top:20px;\"><\/div><div class=\"fusion-text\"><h2 style=\"text-align: left;\">Doc\u00e8ncia i formaci\u00f3<\/h2>\n<hr \/>\n<\/div><div class=\"fusion-sep-clear\"><\/div><div class=\"fusion-separator fusion-full-width-sep sep-none\" style=\"margin-left: auto;margin-right: auto;margin-top:30px;\"><\/div><div class=\"fusion-text\"><h3><strong>\u00a0DOC\u00c8NCIA (CURSOS, POSTGRAUS y MASTERS):<\/strong><\/h3>\n<table style=\"height: 2354px;\" width=\"1091\">\n<tbody>\n<tr>\n<td width=\"432\">1986 &#8211; 1993<\/p>\n<ul>\n<li>Profesor \u201c<u>Disfunciones Sexuales masculinas y femeninas<\/u>\u201d\u00a0 Posgrado de \u201cSexologia Cl\u00ednica\u201d. ISEP (Instituto Superior de Estudios Psicol\u00f3gicos) asociado a la Universidad Pontificia de Madrid.<\/li>\n<li>Profesor \u201c<u>Variantes de la Sexualidad y Parafilias<\/u>\u201d\u00a0\u00a0 Posgrado de \u201cSexologia Cl\u00ednica\u201d. ISEP (Instituto Superior de Estudios Psicol\u00f3gicos) asociado a la Universidad Pontificia de Madrid.<\/li>\n<li>Profesor \u201c<u>Discusi\u00f3n Casos Cl\u00ednicos<\/u>\u201d\u00a0 Posgrado de \u201cSexologia Cl\u00ednica\u201d. ISEP (Instituto Superior de Estudios Psicol\u00f3gicos) asociado a la Universidad Pontificia de Madrid<\/li>\n<\/ul>\n<\/td>\n<\/tr>\n<tr>\n<td width=\"432\">1986 &#8211; 1988<\/p>\n<ul>\n<li>Profesor \u201c<u>Variants sexuals i Parafilies<\/u>\u201d\u00a0 II CURSO B\u00c1SICO DE SEXOLOGIA. Sociedad Catalana de Sexologia.\u00a0 Academia de Ciencias M\u00e9dicas de Catalunya i Balears (ACMCB)<\/li>\n<\/ul>\n<\/td>\n<\/tr>\n<tr>\n<td width=\"432\">1998 &#8211; 2000<\/p>\n<ul>\n<li>Profesor Asignatura Trimestral (24h) \u201c<u>Sexologia<\/u>\u201d. Escola d\u2019Infermeria de Sant Joan de D\u00e9u<\/li>\n<\/ul>\n<\/td>\n<\/tr>\n<tr>\n<td width=\"432\">1990 &#8211; 1993<\/p>\n<ul>\n<li>Profesor \u201c<u>Variants sexuals i Parafilies<\/u>\u201d\u00a0 II CURSO B\u00c1SICO DE SEXOLOGIA. Sociedad Catalana de Sexologia.\u00a0 Academia de Ciencias M\u00e9dicas de Catalunya i Balears (ACMCB)<\/li>\n<\/ul>\n<\/td>\n<\/tr>\n<tr>\n<td width=\"432\">1990 &#8211; 1994<\/p>\n<ul>\n<li>Profesor de \u201c<u>Cl\u00ednica y Tratamiento de las Parafilias<\/u>\u201d\u00a0\u00a0 CURSO de \u201ctecnicas de asesoramiento y tratamiento psicologico. metodos de evaluacion y tratamiento en sexologia\u201d. CREP (Centre de Recerca d\u2019Estudis Psicologics) asociado a la Universidad de Lleida.<\/li>\n<\/ul>\n<\/td>\n<\/tr>\n<tr>\n<td width=\"432\">1990 &#8211; 1999<\/p>\n<ul>\n<li>Profesor de \u201c<u>Descripci\u00f3n de las Parafilias y su valoraci\u00f3n pericial<\/u>\u201d. MASTER EN PSICOLOGIA JURIDICA I PERITATGE JUDICIAL PSICOLOGIC ALS TRIBUNALS. CREP (Centre de Recerca d\u2019Estudis Psicologics) asociado a la Universidad de Lleida.<\/li>\n<\/ul>\n<\/td>\n<\/tr>\n<tr>\n<td width=\"432\">1994 &#8211; 2017<\/p>\n<ul>\n<li>Profesor de \u201c<u>Aspectos biol\u00f3gicos y M\u00e9dicos de la Sexualidad<\/u>\u201d. MASTER de Sexologia Cl\u00ednica y Terapia de Pareja. ISEP (Instituto Superior de Estudios Psicol\u00f3gicos)<\/li>\n<\/ul>\n<\/td>\n<\/tr>\n<tr>\n<td width=\"432\">1994 &#8211; 2017<\/p>\n<ul>\n<li>Profesor de \u201c<u>Parafilias Sexuales. Cl\u00ednica y Tratamiento<\/u>\u201d. MASTER de Sexologia Cl\u00ednica y Terapia de Pareja. ISEP (Instituto Superior de Estudios Psicol\u00f3gicos)<\/li>\n<\/ul>\n<\/td>\n<\/tr>\n<tr>\n<td width=\"432\">2011 &#8211; 2017<\/p>\n<ul>\n<li>Profesor de \u201c<u>Androginia, G\u00e9nero e Identidad Sexua<\/u>l\u201d.MASTER de Sexologia Cl\u00ednica y Terapia de Pareja. ISEP (Instituto Superior de Estudios Psicol\u00f3gicos)<\/li>\n<\/ul>\n<\/td>\n<\/tr>\n<tr>\n<td width=\"432\">2011 &#8211; 2014<\/p>\n<ul>\n<li>Profesor de \u201c<u>Tratamiento cognitivo-conductual de parafilias<\/u>\u201d. MASTER de Sexologia Cl\u00ednica y Terapia de Pareja. UB (Universidad de Barcelona)<\/li>\n<li>Profesor de \u201c<u>Tratamiento de disfunciones sexuales con la REBT (Terapia Racional-Emotivo-Comportamental<\/u>\u201d \u201d\u00a0 MASTER de Sexologia Cl\u00ednica y Terapia de Pareja. UB (Universidad de Barcelona)<\/li>\n<\/ul>\n<\/td>\n<\/tr>\n<\/tbody>\n<\/table>\n<p><strong>\u00a0<\/strong><\/p>\n<h3><strong>DOCENCIA (SEMINARIOS, TALLERES, PONENCIAS y CONFERENCIAS):<\/strong><\/h3>\n<p><strong>\u00a0<\/strong><\/p>\n<table style=\"height: 2194px;\" width=\"1097\">\n<tbody>\n<tr>\n<td width=\"69\">08\/04\/1985. Barcelona<\/td>\n<td width=\"432\">\n<ul>\n<li>PONENCIA: \u201cDETERMINACIONES HORMONALES EN LA EVALUACI\u00d3N DE LAS CONDUCTAS SEXUALES\u201d. II Symposium Nacional de Sexolog\u00eda<\/li>\n<\/ul>\n<\/td>\n<\/tr>\n<tr>\n<td width=\"69\">20\/06\/1985. Cartagena<\/td>\n<td width=\"432\">\n<ul>\n<li>SEMINARIO (6H): \u201cALREDEDOR DE LA SEXUALIDAD\u201d. UNED (Universidad Nacional de Educaci\u00f3n a Distancia)<\/li>\n<\/ul>\n<\/td>\n<\/tr>\n<tr>\n<td width=\"69\">06\/10\/1985. Barcelona<\/td>\n<td width=\"432\">\n<ul>\n<li>PONENCIA: \u201cPEDOFILIA&#8221; Mesa Redonda sobre la Pedofilia. SCS. Academia de Ciencias M\u00e9dicas de Catalunya i Balears (ACMCB)<\/li>\n<\/ul>\n<\/td>\n<\/tr>\n<tr>\n<td width=\"69\">23\/10\/1987. Girona<\/td>\n<td width=\"432\">\n<ul>\n<li>PONENCIA: \u201cINTRODUCCI\u00d3 a les DISFUNCIONS SEXUALS MASCULINES\u201d. Agrupaci\u00f3 de Ci\u00e8ncies M\u00e8diques de Girona<\/li>\n<\/ul>\n<\/td>\n<\/tr>\n<tr>\n<td width=\"69\">19\/11\/1987. Barcelona<\/td>\n<td width=\"432\">\n<ul>\n<li>TEMA: \u201cHOMOSEXUALITAT, ABORDATGE DEL PROBLEMA\u201d. 1er. Curs de Sexologia Cl\u00ednica. Unidad de Medicina Psicosom\u00e1tica del Institut Dexeus.<\/li>\n<\/ul>\n<\/td>\n<\/tr>\n<tr>\n<td width=\"69\">25\/03\/1990. Bellaterra<\/td>\n<td width=\"432\">\n<ul>\n<li>TALLER: \u201cTRANSTORNS DE L\u2019EJACULACI\u00d3 MASCULINA\u201d.UAB (Universitat Aut\u00f2noma de Barcelona) Dept. Psicologia de la Salut (Dra. Rosa M\u00aa Raich)<\/li>\n<\/ul>\n<\/td>\n<\/tr>\n<tr>\n<td width=\"69\">03\/11\/1990. Barcelona<\/td>\n<td width=\"432\">\n<ul>\n<li>TALLER: \u201cTRANSTORNS DE L\u2019IDENTITAT SEXUAL\u201d. 1<sup>er. <\/sup>\u00a0Cicle de Tallers de Treball. SCS (ACMCB)<\/li>\n<\/ul>\n<\/td>\n<\/tr>\n<tr>\n<td width=\"69\">09\/11\/1990. Barcelona<\/td>\n<td width=\"432\">\n<ul>\n<li>PONENCIA: VARIANTES DE LA CONDUCTA SEXUAL Y PARAFILIAS\u201d. VIII Congreso Nacional de Psicolog\u00eda.<\/li>\n<\/ul>\n<\/td>\n<\/tr>\n<tr>\n<td width=\"69\">13\/11\/1990. Barcelona<\/td>\n<td width=\"432\">\n<ul>\n<li>PONENCIA: \u201cESPORT I SEXUALITAT\u201d. ACMCB. Sesi\u00f3 conjunta SCS i SC de Medicina de l\u2019Esport.<\/li>\n<\/ul>\n<\/td>\n<\/tr>\n<tr>\n<td width=\"69\">07\/12\/1990. Barcelona<\/td>\n<td width=\"432\">\n<ul>\n<li>TEMA: \u201cAVALUACI\u00d3 PSIQUIATRICO-FORENSE DELS PARAFILICS DELINQUENTS SEXUALS\u201d. Curs d\u2019Actualitzacio en Psiquiatria Forense. Generalitat de Catalunya. Dept de Justicia.<\/li>\n<\/ul>\n<\/td>\n<\/tr>\n<tr>\n<td width=\"69\">11\/03\/1991. Barcelona<\/td>\n<td width=\"432\">\n<ul>\n<li>TEMA: \u201cPARAFILIES I EL SEU TRACTAMENT\u201d. Seminaris Monogr\u00e0fics d\u2019Actualitzacio en Psicologia Cl\u00ednica.<\/li>\n<\/ul>\n<\/td>\n<\/tr>\n<tr>\n<td width=\"69\">28\/10\/1992. Bellvitge<\/td>\n<td width=\"432\">\n<ul>\n<li>TEMA: \u201cSEXUALITAT I MALALTIA\u201d. Curs de Sexualitat per a Llevadores. Generalitat de Catalunya. Institut Catal\u00e0 de la Salut.<\/li>\n<\/ul>\n<\/td>\n<\/tr>\n<tr>\n<td width=\"69\">06\/11\/1992. Barcelona<\/td>\n<td width=\"432\">\n<ul>\n<li>TALLER: \u201cAgressions sexuals\u201d. Curs de Sexualitat per a Llevadores. Generalitat de Catalunya. Institut Catal\u00e0 de la Salut.<\/li>\n<\/ul>\n<\/td>\n<\/tr>\n<tr>\n<td width=\"69\">16\/11\/1996. Manresa<\/td>\n<td width=\"432\">\n<ul>\n<li>PONENCIA: \u201cEL SEXE A L\u2019ESPORT\u201d. IX Jornades de Medicina de l\u2019Esport.<\/li>\n<\/ul>\n<\/td>\n<\/tr>\n<tr>\n<td width=\"69\">22\/5\/1997. Barcelona<\/td>\n<td width=\"432\">\n<ul>\n<li>CONFERENCIA: \u201cPGE y Tratamiento cognitivo-conductual en una muestra de 138 varones\u201d. SCS.\u00a0 Academia de Ciencias M\u00e9dicas de Catalunya i Balears (ACMCB)<\/li>\n<\/ul>\n<\/td>\n<\/tr>\n<tr>\n<td width=\"69\">14\/07\/1997. Barcelona<\/td>\n<td width=\"432\">\n<ul>\n<li>CONFERENCIA: \u201cEl Dimorfisme Sexual\u201d. Cicle de Conferencies organitzat pel SEIC.<\/li>\n<\/ul>\n<\/td>\n<\/tr>\n<tr>\n<td width=\"69\">03\/03\/1998. Barcelona<\/td>\n<td width=\"432\">\n<ul>\n<li>CONFERENCIA: \u201cDisfuncions sexuals\u201d. Cicle de Conferencies organitzat pel SEIC.<\/li>\n<\/ul>\n<\/td>\n<\/tr>\n<\/tbody>\n<\/table>\n<table style=\"height: 1913px;\" width=\"1090\">\n<tbody>\n<tr>\n<td width=\"69\">10\/02\/1997. Barcelona<\/td>\n<td width=\"432\">\n<ul>\n<li>CONFERENCIA: \u201cLA SEXUALITAT HUMANA I ELS SEUS TRASTORNS\u201d. Formaci\u00f3 d\u2019Alumnes del Col.legi La Salle<\/li>\n<\/ul>\n<\/td>\n<\/tr>\n<tr>\n<td width=\"69\">19\/01\/1999. Barcelona<\/td>\n<td width=\"432\">\n<ul>\n<li>CONFERENCIA: \u201cTipolog\u00eda dels Agresors Sexuals a Menors\u201d. Academia de Ciencias M\u00e9dicas de Catalunya i Balears (ACMCB)<\/li>\n<\/ul>\n<\/td>\n<\/tr>\n<tr>\n<td width=\"69\">15\/03\/2000. Barcelona<\/td>\n<td width=\"432\">\n<ul>\n<li>CURSO (2h): \u201cDISFUNCIONES SEXUALES MASCULINAS\u201d. Formaci\u00f3n en Sexologia para Comadronas. (Universidad de Barcelona)<\/li>\n<\/ul>\n<\/td>\n<\/tr>\n<tr>\n<td width=\"69\">14\/12\/2001. Paris (FRANCIA)<\/td>\n<td width=\"432\">\n<ul>\n<li>CURSO (4h): \u201cAPPLICATIONS de la PCER en Sexologie Clinique\u00a0\u00bb. Formation Officielle de Psychoth\u00e9rapeutes REBT de l\u2019Albert Ellis Institute \u00e0 Paris.<\/li>\n<\/ul>\n<\/td>\n<\/tr>\n<tr>\n<td width=\"69\">28\/06\/2003. Barcelona<\/td>\n<td width=\"432\">\n<ul>\n<li>CONFERENCIA: \u201cL&#8217;EJACULACI\u00d3 PREMATURA\u201d. Academia de Ciencias M\u00e9dicas de Catalunya i Balears (ACMCB)<\/li>\n<\/ul>\n<\/td>\n<\/tr>\n<tr>\n<td width=\"69\">06\/05\/2005. Castell d\u2019Aro<\/td>\n<td width=\"432\">\n<ul>\n<li>CONFERENCIA: \u201cEL DEURE i la CULPA\u201d. Encuentro anual de Familias del Moviment dels Focolars.<\/li>\n<\/ul>\n<\/td>\n<\/tr>\n<tr>\n<td width=\"69\">21\/10\/2005. Castelldefels<\/td>\n<td width=\"432\">\n<ul>\n<li>PONENCIA: \u201cSEXUALIDAD Y FARMACOLOGIA DE LAS ENFERMEDADES CR\u00d3NICAS\u201d. 1as. Jornadas Estatales de Sexologia.<\/li>\n<\/ul>\n<\/td>\n<\/tr>\n<tr>\n<td width=\"69\">20\/04\/2008. Le\u00f3n<\/td>\n<td width=\"432\">\n<ul>\n<li>PONENCIA: \u201cDOLOR del VAR\u00d3N DURANTE LA ACTIVIDAD SEXUAL\u201d. X Congreso Espa\u00f1ol de Sexolog\u00eda.<\/li>\n<\/ul>\n<\/td>\n<\/tr>\n<tr>\n<td width=\"69\">25\/11\/2009. Barcelona<\/td>\n<td width=\"432\">\n<ul>\n<li>CONFERENCIA: \u201cEJACULACI\u00d3 PREMATURA i NOUS TRACTAMENTS\u201d. Academia de Ciencias M\u00e9dicas de Catalunya i Balears (ACMCB)<\/li>\n<\/ul>\n<\/td>\n<\/tr>\n<tr>\n<td width=\"69\">13\/12\/2009. Castell d\u2019Aro<\/td>\n<td width=\"432\">\n<ul>\n<li>CONFERENCIA: \u201cConciliaci\u00f3 de la vida familiar i laboral: Aspectes Socials i Psicol\u00f2gics\u201d. III Trobada\u00a0 de Familias del Moviment dels Focolars<\/li>\n<\/ul>\n<\/td>\n<\/tr>\n<tr>\n<td width=\"69\">10\/05\/2010. Barcelona<\/td>\n<td width=\"432\">\n<ul>\n<li>PONENCIA: \u201cTipolog\u00eda de l\u2019 agresor sexual infantil\u201d. Curso \u201cEl Abuso Sexual Infantil\u201d de la Societat Catalana de Pediatr\u00eda.<\/li>\n<\/ul>\n<\/td>\n<\/tr>\n<tr>\n<td width=\"69\">21\/11\/2011. Barcelona<\/td>\n<td width=\"432\">\n<ul>\n<li>CONFERENCIA: \u201cADICCION al SEXO. Una controversia medi\u00e1tica y cient\u00edfica\u201d. Academia de Ciencias M\u00e9dicas de Catalunya i Balears (ACMCB)<\/li>\n<\/ul>\n<\/td>\n<\/tr>\n<tr>\n<td width=\"69\">23\/11\/2011. Barcelona<\/td>\n<td width=\"432\">\n<ul>\n<li>SEMINARIO (6h): \u201cDROGAS Y SEXUALIDAD\u201d. Formaci\u00f3n de Terapeutas del CECAS (Centre Catal\u00e0 de Solidaritat)<\/li>\n<\/ul>\n<\/td>\n<\/tr>\n<tr>\n<td width=\"69\">12\/04\/2013. Perpignan (FRANCIA)<\/td>\n<td width=\"432\">\n<ul>\n<li>PONENCIA: \u201cLa TH\u00c9RAPIE RATIONNELLE \u00c9MOTIVE-COMPORTAMENTALE EN SEXOLOGIE\u00a0\u00bb. 6es. Assises Fran\u00e7aises de Sexologie et de Sant\u00e9 Sexuelle.<\/li>\n<\/ul>\n<\/td>\n<\/tr>\n<\/tbody>\n<\/table>\n<table style=\"height: 546px;\" width=\"1091\">\n<tbody>\n<tr>\n<td width=\"69\">19\/04\/2013. Barcelona<\/td>\n<td width=\"432\">\n<ul>\n<li>PONENCIA: \u201cPAREJA Y SEXUALIDAD. Retos para seguir siendo sexualmente activos\u00a0\u00bb. I Jornada de Sexualidad Madura. Vida y Sexo a partir de los 50.<\/li>\n<\/ul>\n<\/td>\n<\/tr>\n<tr>\n<td width=\"69\">17\/01\/2014. Toulouse (FRANCIA)<\/td>\n<td width=\"432\">\n<ul>\n<li>TALLER (4h): \u201cLA PSYCHOTH\u00c9RAPIE RATIONNELLE-\u00c9MOTIVE COMPORTAMENTALE d\u2019ALBERT ELLIS et ses APPLICATIONS CLINIQUES EN SEXOLOGIE\u00a0\u00bb. Journ\u00e9e du CIFRES \u2013Centre International de Formation et Recherche en Sexualit\u00e9-.<\/li>\n<\/ul>\n<\/td>\n<\/tr>\n<tr>\n<td width=\"69\">11\/01\/2015. Paris (FRANCIA)<\/td>\n<td width=\"432\">\n<ul>\n<li>TALLER (4h): \u201cLA PSYCHOTH\u00c9RAPIE RATIONNELLE-\u00c9MOTIVE COMPORTAMENTALE d\u2019ALBERT ELLIS et ses APPLICATIONS CLINIQUES EN SEXOLOGIE\u00a0\u00bb. Journ\u00e9e du AFSS \u2013Association Francophone de Sexologie de Paris\u00a0\u00bb<\/li>\n<\/ul>\n<\/td>\n<\/tr>\n<\/tbody>\n<\/table>\n<h4><\/h4>\n<h3><strong>FORMACION y PERFECCIONAMIENTO en MEDICINA y MEDICINA PSICOSOMATICA:<\/strong><\/h3>\n<table style=\"height: 1384px;\" width=\"1092\">\n<tbody>\n<tr>\n<td width=\"76\">25-28\/11\/1995<\/td>\n<td width=\"425\">\n<ul>\n<li>Curso Monogr\u00e1fico: \u201cPSICOF\u00c1RMACS: APLICACIONS CL\u00cdNIQUES\u201d. Societat Catalana de Medicina Psicosom\u00e0tica (ACMCB)<\/li>\n<\/ul>\n<\/td>\n<\/tr>\n<tr>\n<td width=\"76\">27\/02\/1986<\/td>\n<td width=\"425\">\n<ul>\n<li>Jornades de Ter\u00e0pia del Comportament i Medicina Conductual en la Pr\u00e0ctica Cl\u00ednica\u201d. Societat Catalana de Psiquiatria (ACMCB)<\/li>\n<\/ul>\n<\/td>\n<\/tr>\n<tr>\n<td width=\"76\">3-4\/02\/1988<\/td>\n<td width=\"425\">\n<ul>\n<li>Seminari &#8220;Ansietat-Depressi\u00f3&#8221;. Societat Catalana de Psiquiatr\u00eda (ACMCB)<\/li>\n<\/ul>\n<\/td>\n<\/tr>\n<tr>\n<td width=\"76\">14\/04\/1988<\/td>\n<td width=\"425\">\n<ul>\n<li>Jornades de Ter\u00e0pia del Comportament i Medicina Conductual en la Pr\u00e0ctica Cl\u00ednica\u201d. Societat Catalana de Psiquiatria (ACMCB)<\/li>\n<\/ul>\n<\/td>\n<\/tr>\n<tr>\n<td width=\"76\">05\/05\/1990<\/td>\n<td width=\"425\">\n<ul>\n<li>Jornades de Ter\u00e0pia del Comportament i Medicina Conductual en la Pr\u00e0ctica Cl\u00ednica\u201d. Societat Catalana de Psiquiatria (ACMCB)<\/li>\n<\/ul>\n<\/td>\n<\/tr>\n<tr>\n<td width=\"76\">30\/03\/1992<\/td>\n<td width=\"425\">\n<ul>\n<li>Jornades de Ter\u00e0pia del Comportament i Medicina Conductual en la Pr\u00e0ctica Cl\u00ednica\u201d. Societat Catalana de Psiquiatria (ACMCB)<\/li>\n<\/ul>\n<\/td>\n<\/tr>\n<tr>\n<td width=\"76\">27\/01\/1995<\/td>\n<td width=\"425\">\n<ul>\n<li>Seminari \u201cRecaigudes i recurr\u00e8ncies en els trastorns afectius\u201d. UB (Universitat de Barcelona). Fac. De Medicina. Ciutat Sanitaria i Universitaria de Bellvitge.<\/li>\n<\/ul>\n<\/td>\n<\/tr>\n<tr>\n<td width=\"76\">6-8\/05\/2000<\/td>\n<td width=\"425\">\n<ul>\n<li>Curso (40h) interdisciplinar \u201cPsiquiatria y psicologia cl\u00ednica\u201d. VII Congreso Nacional de Psicologia Cl\u00ednica y de la Salud. MALAGA.<\/li>\n<\/ul>\n<\/td>\n<\/tr>\n<tr>\n<td width=\"76\">26-27\/05\/2000<\/td>\n<td width=\"425\">\n<ul>\n<li>CURSO \u201cASPECTOS MEDICO-LEGALES DE LOS TRASTORNOS DEL CONTROL DE LOS IMPULSOS\u201d. IX Simposium de la Sociedad Espa\u00f1ola de Psiquiatria Forense. FIGUERES (GIRONA)<\/li>\n<\/ul>\n<\/td>\n<\/tr>\n<tr>\n<td width=\"76\">16\/10\/2004 a 2\/06\/2005<\/td>\n<td width=\"425\">\n<ul>\n<li>Curs (48h) \u201cPatologia psiquiatrica associada a malalties m\u00e8diques\u201d.S. C. de Medicina Psicosom\u00e0tica y S. C. Psiquiatria (ACMCB)<\/li>\n<\/ul>\n<\/td>\n<\/tr>\n<\/tbody>\n<\/table>\n<h3><strong>FORMACION Y PERFECCIONAMIENTO en PSICOLOGIA COGNITIVO-CONDUCTUAL:<\/strong><\/h3>\n<table style=\"height: 2014px;\" width=\"1091\">\n<tbody>\n<tr>\n<td width=\"76\">10-12\/07\/1989<\/td>\n<td width=\"425\">\n<ul>\n<li>Seminari &#8220;Hipnosi en Psicolog\u00eda Cl\u00ednica i Psiquiatr\u00eda&#8221;. ISEP (Institut Superior d\u2019Estudis Psicol\u00f2gics)<\/li>\n<\/ul>\n<\/td>\n<\/tr>\n<tr>\n<td width=\"76\">6-7\/06\/1991<\/td>\n<td width=\"425\">\n<ul>\n<li>Curso-seminario (16h) \u201cTecniques de tractament psicol\u00f2gic\u201d. CREP Centre per a la Recerca i d\u2019Estudis Psicol\u00f2gics.<\/li>\n<\/ul>\n<\/td>\n<\/tr>\n<tr>\n<td width=\"76\">28-29\/05\/1993<\/td>\n<td width=\"425\">\n<ul>\n<li>Seminari (16h) &#8220;Ter\u00e0pia Racional-Emotiva&#8221;, <u>impartit pel Dr. Albert Ellis<\/u>\u201d. ISEP \u00a0(Institut Superior d\u2019Estudis Psicol\u00f2gics)<\/li>\n<\/ul>\n<\/td>\n<\/tr>\n<tr>\n<td width=\"76\">28-29\/01\/1994<\/td>\n<td width=\"425\">\n<ul>\n<li>CURSO (12h) \u201cTERAPIA DE PAREJAS. INTERVENCION CONDUCTUAL\u201d. Cinteco. Centro de Investigaci\u00f3n y Terapia de Conducta (Madrid)<\/li>\n<\/ul>\n<\/td>\n<\/tr>\n<tr>\n<td width=\"76\">19-20\/05\/1994<\/td>\n<td width=\"425\">\n<ul>\n<li>Seminari (12h) \u201cHipnosi en psicologia cl\u00ednica\u201d. ISEP (Institut Superior d\u2019Estudis Psicol\u00f2gics)<\/li>\n<\/ul>\n<\/td>\n<\/tr>\n<tr>\n<td width=\"76\">5-6\/6\/1994<\/td>\n<td width=\"425\">\n<ul>\n<li>Seminari (16h) &#8220;Tractament d&#8217;adults amb transtorns afectius: una aproximaci\u00f3 cognitivo-conductual&#8221;, <u>impartit pel Dr. D. Meichenbaum<\/u>. ISEP \u00a0(Institut Superior d\u2019Estudis Psicol\u00f2gics)<\/li>\n<\/ul>\n<\/td>\n<\/tr>\n<tr>\n<td width=\"76\">4-6\/11\/1994<\/td>\n<td width=\"425\">\n<ul>\n<li>Curso (30h) &#8220;Ter\u00e0pia Racional-Emotiva&#8221;, <u>impartit pel Dr. Albert Ellis<\/u>\u201d. Centro Cl\u00ednico Los Naranjos (TORREMOLINOS, M\u00e1laga)<\/li>\n<\/ul>\n<\/td>\n<\/tr>\n<tr>\n<td width=\"76\">14-15\/02\/1995<\/td>\n<td width=\"425\">\n<ul>\n<li>Seminari (16h) &#8220;Transtorns de p\u00e0nic: enfoc cognitiu-conductual&#8221; <u>impartit pel Dr. Salkovsky. <\/u>ISEP \u00a0(Institut Superior d\u2019Estudis Psicol\u00f2gics)<\/li>\n<\/ul>\n<\/td>\n<\/tr>\n<tr>\n<td width=\"76\">18-20\/05\/1997<\/td>\n<td width=\"425\">\n<ul>\n<li>Seminario (16h) \u201cTratamiento cognitivo-conductual de Adolescentes\u201d. Cinteco. Centro de Investigaci\u00f3n y Terapia de Conducta (Madrid)<\/li>\n<\/ul>\n<\/td>\n<\/tr>\n<tr>\n<td width=\"76\">27-28\/03\/1998<\/td>\n<td width=\"425\">\n<ul>\n<li>Curso (12h) \u201cModificaci\u00f3n de conducta con adolescentes\u201d. Cinteco. Centro de Investigaci\u00f3n y Terapia de Conducta (Madrid)<\/li>\n<\/ul>\n<\/td>\n<\/tr>\n<tr>\n<td width=\"76\">27-28\/11\/1998<\/td>\n<td width=\"425\">\n<ul>\n<li>Curso (30h) &#8220;Ter\u00e0pia Racional-Emotiva&#8221;, <u>impartit pel Dr. Albert Ellis<\/u>\u201d. Centro Cl\u00ednico Los Naranjos (TORREMOLINOS, M\u00e1laga)<\/li>\n<\/ul>\n<\/td>\n<\/tr>\n<tr>\n<td width=\"76\">6-7\/12\/1999<\/td>\n<td width=\"425\">\n<ul>\n<li>Curso (30h) &#8220;Ter\u00e0pia Racional-Emotiva&#8221;, <u>impartit pel Dr. Albert Ellis<\/u>\u201d. Centro Cl\u00ednico Los Naranjos (TORREMOLINOS, M\u00e1laga)<\/li>\n<\/ul>\n<\/td>\n<\/tr>\n<tr>\n<td width=\"76\">20-23\/03\/2002<\/td>\n<td width=\"425\">\n<ul>\n<li>\u201cADVANCED TRAINIG COURSE IN RATIONAL EMOTIVE BEHAVIOR THEORY AND TECHNIQUES\u201d. ALBERT ELLIS INSTITUTE (PARIS)<\/li>\n<\/ul>\n<\/td>\n<\/tr>\n<tr>\n<td width=\"76\">12\/11\/2010<\/td>\n<td width=\"425\">\n<ul>\n<li>Curs-taller \u201cLa hipnosi aplicada al tabaquisme\u201d. Col.legi Oficial de Psic\u00f2legs de Catalunya<\/li>\n<\/ul>\n<\/td>\n<\/tr>\n<tr>\n<td width=\"76\">27\/04\/2012<\/td>\n<td width=\"425\">\n<ul>\n<li>TALLER (5h) \u201cLa hipnosi centrada en solucions\u201d. Col.legi Oficial de Psic\u00f2legs de Catalunya<\/li>\n<\/ul>\n<\/td>\n<\/tr>\n<\/tbody>\n<\/table>\n<h3><strong>FORMACION y PERFECCIONAMIENTO en SEXOLOGIA y TERAPIA de PAREJA:<\/strong><\/h3>\n<table style=\"height: 575px;\" width=\"1079\">\n<tbody>\n<tr>\n<td width=\"76\">18-20\/06\/1990<\/td>\n<td width=\"425\">\n<ul>\n<li>Simposium &#8220;Aspectos sociales, psiquiatricos m\u00e9dicos y legales de los transtornos sexuales&#8221;. Master en Sexualidad Humana, UNED (Burgos)<\/li>\n<\/ul>\n<\/td>\n<\/tr>\n<tr>\n<td width=\"76\">24-25\/02\/1996<\/td>\n<td width=\"425\">\n<ul>\n<li>Seminario Intensivo (21h) \u201cTerapia Sexual\u201d <u>impartido por el Dr. Joseph LoPiccolo. <\/u>Centro de Terapia de conducta de Valencia.<\/li>\n<\/ul>\n<\/td>\n<\/tr>\n<tr>\n<td width=\"76\">14-15\/02\/1997<\/td>\n<td width=\"425\">\n<ul>\n<li>CURSO (12h) \u201cINTERVENCION EN CASOS DE DIVORCIO\u201d. Institut de Sexologia de Barcelona.<\/li>\n<\/ul>\n<\/td>\n<\/tr>\n<tr>\n<td colspan=\"2\" width=\"502\"><em>(falta acreditaci\u00f3n de formaci\u00f3n entre 1997-2008)<\/em><\/td>\n<\/tr>\n<tr>\n<td width=\"76\">23\/08\/2008 a 18\/7\/2009<\/td>\n<td width=\"425\">\n<ul>\n<li>CURS DE FORMACION MEDICA CONTINUADA DE SEXOLOGIA CLINICA. S.C.SEX. (ACMCB)<\/li>\n<\/ul>\n<\/td>\n<\/tr>\n<\/tbody>\n<\/table>\n<h3><strong>OTRAS FORMACIONES:<\/strong><\/h3>\n<table style=\"height: 961px;\" width=\"1073\">\n<tbody>\n<tr>\n<td width=\"76\">9-10\/04\/1986<\/td>\n<td width=\"425\">\n<ul>\n<li>VII Simposium de Paidopsiquiatr\u00eda &#8220;An\u00e0lisi de la normali\u00adtat: el nen normal&#8221;. Societat Catalana de Psiquiatria Infantil (ACMCB)<\/li>\n<\/ul>\n<\/td>\n<\/tr>\n<tr>\n<td width=\"76\">9-20\/12\/1986<\/td>\n<td width=\"425\">\n<ul>\n<li>Curs de &#8220;T\u00e8cniques d&#8217;Estudi&#8221;. Centre d&#8217;Estudis Adams<\/li>\n<\/ul>\n<\/td>\n<\/tr>\n<tr>\n<td width=\"76\">3-12\/03\/1987<\/td>\n<td width=\"425\">\n<ul>\n<li>Curs &#8220;La personalidad creativa&#8221;. Fundaci\u00f3 Caixa de Pen\u00adsions<\/li>\n<\/ul>\n<\/td>\n<\/tr>\n<tr>\n<td width=\"76\">10-11\/04\/1987<\/td>\n<td width=\"425\">\n<ul>\n<li>VIII Simposium de Paidopsiquiatr\u00eda &#8220;familia en crisis\u201d. Societat Catalana de Psiquiatria Infantil (ACMCB)<\/li>\n<\/ul>\n<\/td>\n<\/tr>\n<tr>\n<td width=\"76\">14-18\/05\/1990<\/td>\n<td width=\"425\">\n<ul>\n<li>Curs (16h) Inter\u00adnacio\u00adnal de &#8220;Ci\u00adnean\u00adtropo\u00adme\u00adtr\u00eda&#8221;. Universitat de Barcelona, Facultat de Medicina.<\/li>\n<\/ul>\n<\/td>\n<\/tr>\n<tr>\n<td width=\"76\">23\/03\/1995<\/td>\n<td width=\"425\">\n<ul>\n<li>Counseling per a formadors en VIH-SIDA ( J.L. Bimbela). Societat Catalana de Salut Mental. ACMCB.<\/li>\n<\/ul>\n<\/td>\n<\/tr>\n<tr>\n<td width=\"76\">29-30\/05\/1997<\/td>\n<td width=\"425\">\n<ul>\n<li>\u201cJornadas internacionales sobre las aplicaciones practicas de la posturologia\u201d.\u00a0 Universidad de Barcelona. Facultad de Medicina. Escuela de la Educaci\u00f3n Fisica y el Deporte.<\/li>\n<\/ul>\n<\/td>\n<\/tr>\n<tr>\n<td width=\"76\">15-16\/10\/2008<\/td>\n<td width=\"425\">\n<ul>\n<li>\u201cCurso DE formacion basica en ozonoterapia\u201d. Aepromo (Asociacion Espa\u00f1ola de Profesionales M\u00e9dicos en Ozonoterapia)<\/li>\n<\/ul>\n<\/td>\n<\/tr>\n<\/tbody>\n<\/table>\n<\/div><div class=\"fusion-clearfix\"><\/div><\/div><\/div><div  class=\"fusion-layout-column fusion_builder_column fusion_builder_column_1_6 fusion-builder-column-2 fusion-one-sixth fusion-column-last fusion-no-small-visibility 1_6\"  style='margin-top:0px;margin-bottom:30px;width:13.3333%'><div class=\"fusion-column-wrapper\" style=\"background-position:left top;background-repeat:no-repeat;-webkit-background-size:cover;-moz-background-size:cover;-o-background-size:cover;background-size:cover;\"   data-bg-url=\"\"><div class=\"fusion-sep-clear\"><\/div><div class=\"fusion-separator fusion-full-width-sep sep-none\" style=\"margin-left: auto;margin-right: auto;margin-top:;\"><\/div><div class=\"fusion-clearfix\"><\/div><\/div><\/div><\/div><\/div>\n","protected":false},"excerpt":{"rendered":"","protected":false},"author":1,"featured_media":0,"parent":0,"menu_order":0,"comment_status":"closed","ping_status":"closed","template":"100-width.php","meta":{"footnotes":""},"_links":{"self":[{"href":"https:\/\/www.tonimartinmedic.com\/ca\/wp-json\/wp\/v2\/pages\/1837"}],"collection":[{"href":"https:\/\/www.tonimartinmedic.com\/ca\/wp-json\/wp\/v2\/pages"}],"about":[{"href":"https:\/\/www.tonimartinmedic.com\/ca\/wp-json\/wp\/v2\/types\/page"}],"author":[{"embeddable":true,"href":"https:\/\/www.tonimartinmedic.com\/ca\/wp-json\/wp\/v2\/users\/1"}],"replies":[{"embeddable":true,"href":"https:\/\/www.tonimartinmedic.com\/ca\/wp-json\/wp\/v2\/comments?post=1837"}],"version-history":[{"count":3,"href":"https:\/\/www.tonimartinmedic.com\/ca\/wp-json\/wp\/v2\/pages\/1837\/revisions"}],"predecessor-version":[{"id":2165,"href":"https:\/\/www.tonimartinmedic.com\/ca\/wp-json\/wp\/v2\/pages\/1837\/revisions\/2165"}],"wp:attachment":[{"href":"https:\/\/www.tonimartinmedic.com\/ca\/wp-json\/wp\/v2\/media?parent=1837"}],"curies":[{"name":"wp","href":"https:\/\/api.w.org\/{rel}","templated":true}]}}