{"id":1372,"date":"2017-07-12T18:47:29","date_gmt":"2017-07-12T16:47:29","guid":{"rendered":"http:\/\/www.tonimartinmedic.com\/medicina-general\/"},"modified":"2017-10-23T16:43:59","modified_gmt":"2017-10-23T14:43:59","slug":"medicina-general","status":"publish","type":"page","link":"https:\/\/www.tonimartinmedic.com\/ca\/medicina-general\/","title":{"rendered":"Medicina General"},"content":{"rendered":"<div class=\"fusion-fullwidth fullwidth-box fusion-builder-row-1 nonhundred-percent-fullwidth non-hundred-percent-height-scrolling fusion-equal-height-columns\"  style='background-color: rgba(255,255,255,0);background-position: left top;background-repeat: no-repeat;padding-top:60px;padding-right:0px;padding-bottom:100px;padding-left:0px;border-top-width:0px;border-bottom-width:0px;border-color:#eae9e9;border-top-style:solid;border-bottom-style:solid;'><div class=\"fusion-builder-row fusion-row \"><div  class=\"fusion-layout-column fusion_builder_column fusion_builder_column_2_3 fusion-builder-column-0 fusion-two-third fusion-column-first 2_3\"  style='margin-top:0px;margin-bottom:30px;width:65.3333%; margin-right: 4%;'><div class=\"fusion-column-wrapper\" style=\"background-color:#ffffff;border:1px solid #dddddd;padding: 40px;background-position:left top;background-repeat:no-repeat;-webkit-background-size:cover;-moz-background-size:cover;-o-background-size:cover;background-size:cover;\"   data-bg-url=\"\"><div class=\"fusion-text\"><h1>Medicina general<\/h1>\n<\/div><div class=\"fusion-text\"><p>En l&#8217;exercici de la pr\u00e0ctica m\u00e8dica, en primer lloc, cal <strong>escoltar atentament<\/strong> al pacient en l&#8217;exposici\u00f3 del seu malestar. Despr\u00e9s ens plantegem una o diverses <strong>hip\u00f2tesis de diagn\u00f2stic<\/strong> a trav\u00e9s d&#8217;una correcta <strong>anamnesi<\/strong> (hist\u00f2ria cl\u00ednica) i una meticulosa <strong>exploraci\u00f3 f\u00edsica<\/strong>, i finalment se sol\u00b7liciten les <strong>proves anal\u00edtiques i de\u00a0radioimatge<\/strong>\u00a0necess\u00e0ries per confirmar el diagn\u00f2stic.<\/p>\n<p>Quant al <strong>Tractament<\/strong> m\u00e8dic, jo procuro fer-ho amb criteris &#8220;basats en l&#8217;evid\u00e8ncia cient\u00edfica&#8221; utilitzant el menor nombre possible de f\u00e0rmacs \u2013\u00fanicament els imprescindibles- i potenciant la capacitat de l&#8217;organisme amb la resta de ter\u00e0pies psicof\u00edsiques amb criteris de sentit com\u00fa.<\/p>\n<\/div><div class=\"fusion-sep-clear\"><\/div><div class=\"fusion-separator fusion-full-width-sep sep-none\" style=\"margin-left: auto;margin-right: auto;margin-top:30px;\"><\/div><div class=\"fusion-sep-clear\"><\/div><div class=\"fusion-separator fusion-full-width-sep sep-single sep-solid\" style=\"border-color:#00bcd4;border-top-width:1px;margin-left: auto;margin-right: auto;margin-top:;\"><\/div><div class=\"fusion-sep-clear\"><\/div><div class=\"fusion-separator fusion-full-width-sep sep-none\" style=\"margin-left: auto;margin-right: auto;margin-top:30px;\"><\/div><div class=\"fusion-text\"><p>Les P\u00c0GINES RELACIONADES amb Medicina general aporten una <a href=\"http:\/\/www.tonimartinmedic.com\/ca\/malalties-mes-frequents\/\">llista de les\u00a0malalties\u00a0m\u00e9s frequents<\/a> que es presenten en un consultori de medicina general, remarcant aquelles que jo\u00a0tracto\u00a0amb major freq\u00fc\u00e8ncia. Tamb\u00e9 hi ha una p\u00e0gina informativa sobre les <a href=\"http:\/\/www.tonimartinmedic.com\/ca\/proves-diagnostiques-mes-habituals\/\">proves diagn\u00f2stiques <\/a>m\u00e9s habituals.<\/p>\n<p>Per\u00f2 potser on he centrat m\u00e9s la meva atenci\u00f3 \u00e9s en el tema del dolor. La p\u00e0gina del <a href=\"http:\/\/www.tonimartinmedic.com\/ca\/el-dolor-com-a-simptoma\/\">dolor com a s\u00edmptoma <\/a>\u00e9s una introducci\u00f3 que obre la porta a les diferents especialitats amb les quals tracto aquest s\u00edmptoma tant en el seu vessant m\u00e9s f\u00edsic com en la del seu component de sofriment emocional i que despr\u00e9s es van desglossant a les p\u00e0gines que componen aquest blog. I en \u00edntima relaci\u00f3 amb tot aix\u00f2, incloc la p\u00e0gina <a href=\"http:\/\/www.tonimartinmedic.com\/ca\/el-dolor-en-la-consulta-medica\/\">El dolor en la consulta m\u00e8dica<\/a> que \u00e9s la transcripci\u00f3 d&#8217;una interessant entrevista al Dr. Daniel\u00a0Samper, coordinador de la Cl\u00ednica del Dolor de l&#8217;Hospital Universitari *Germans\u00a0Trias\u00a0i Pujol de Badalona.<\/p>\n<p>Finalment dedico una p\u00e0gina a les <a href=\"http:\/\/www.tonimartinmedic.com\/ca\/practiques-mediques-complementaries\/\">pr\u00e0ctiques m\u00e8diques complement\u00e0ries<\/a>, ja que \u00e9s imprescindible un posicionament clar davant aquest controvertit tema.<\/p>\n<\/div><div class=\"fusion-sep-clear\"><\/div><div class=\"fusion-separator fusion-full-width-sep sep-none\" style=\"margin-left: auto;margin-right: auto;margin-top:30px;\"><\/div><div class=\"fusion-sep-clear\"><\/div><div class=\"fusion-separator fusion-full-width-sep sep-double sep-solid\" style=\"border-color:#5fcbd3;border-top-width:3px;border-bottom-width:3px;margin-left: auto;margin-right: auto;margin-top:;\"><\/div><div class=\"fusion-sep-clear\"><\/div><div class=\"fusion-separator fusion-full-width-sep sep-none\" style=\"margin-left: auto;margin-right: auto;margin-top:30px;\"><\/div><div class=\"fusion-text\"><p><strong>El Dr. Jordi Gol, en 1967, va enunciar en un Congr\u00e9s de Medicina una definici\u00f3 de &#8220;salut&#8221; que s&#8217;ha fet famosa per la seva senzillesa i la seva utilitat:<\/strong><\/p>\n<blockquote>\n<p><strong>&#8220;Salut \u00e9s autonomia, solidaritat i alegria&#8221;<\/strong><\/p>\n<\/blockquote>\n<p><strong>Cada persona porta inscrita en el seu \u00e9sser aquestes tres caracter\u00edstiques. L&#8217;objectiu de la Medicina \u00e9s ajudar a recuperar-les en la mesura del possible tant\u00a0en l&#8217;\u00e0mbit de\u00a0la salut f\u00edsica com en la salut emocional i psicol\u00f2gica.<\/strong><\/p>\n<\/div><div class=\"fusion-sep-clear\"><\/div><div class=\"fusion-separator fusion-full-width-sep sep-double sep-solid\" style=\"border-color:#5fcbd3;border-top-width:3px;border-bottom-width:3px;margin-left: auto;margin-right: auto;margin-top:;\"><\/div><div class=\"fusion-clearfix\"><\/div><\/div><\/div><div  class=\"fusion-layout-column fusion_builder_column fusion_builder_column_1_3 fusion-builder-column-1 fusion-one-third fusion-column-last 1_3\"  style='margin-top:0px;margin-bottom:30px;width:30.6666%'><div class=\"fusion-column-wrapper\" style=\"background-color:#ffffff;border:1px solid #dddddd;padding: 30px;background-position:left top;background-repeat:no-repeat;-webkit-background-size:cover;-moz-background-size:cover;-o-background-size:cover;background-size:cover;\"   data-bg-url=\"\"><div class=\"fusion-text\"><h4><i class=\"fa fa-file-o\"><\/i>\u00a0\u00a0 P\u00c0GINES RELACIONADES<\/h4>\n<\/div><div class=\"fusion-sep-clear\"><\/div><div class=\"fusion-separator fusion-full-width-sep sep-single sep-solid\" style=\"border-color:#3bafbf;border-top-width:2px;margin-left: auto;margin-right: auto;margin-top:0px;margin-bottom:30px;width:100%;max-width:100%;\"><\/div><ul class=\"fusion-checklist fusion-checklist-1\" style=\"font-size:18px;line-height:30.6px;\"><li class=\"fusion-li-item\"><span style=\"height:30.6px;width:30.6px;margin-right:12.6px;\" class=\"icon-wrapper circle-no\"><i class=\"fusion-li-icon fa fa-arrow-right\" style=\"color:#76c8d3;\"><\/i><\/span><div class=\"fusion-li-item-content\" style=\"margin-left:43.2px;\">\n<p><a href=\"http:\/\/www.tonimartinmedic.com\/ca\/el-dolor-com-a-simptoma\/\">El dolor com a s\u00edmptoma<\/a><\/p>\n<\/div><\/li><li class=\"fusion-li-item\"><span style=\"height:30.6px;width:30.6px;margin-right:12.6px;\" class=\"icon-wrapper circle-no\"><i class=\"fusion-li-icon fa fa-arrow-right\" style=\"color:#76c8d3;\"><\/i><\/span><div class=\"fusion-li-item-content\" style=\"margin-left:43.2px;\">\n<p><a href=\"http:\/\/www.tonimartinmedic.com\/ca\/el-dolor-en-la-consulta-medica\/\">El dolor en la consulta m\u00e8dica<\/a><\/p>\n<\/div><\/li><li class=\"fusion-li-item\"><span style=\"height:30.6px;width:30.6px;margin-right:12.6px;\" class=\"icon-wrapper circle-no\"><i class=\"fusion-li-icon fa fa-arrow-right\" style=\"color:#76c8d3;\"><\/i><\/span><div class=\"fusion-li-item-content\" style=\"margin-left:43.2px;\">\n<p><a href=\"http:\/\/www.tonimartinmedic.com\/ca\/malalties-mes-frequents\/\">Les malalties m\u00e9s freq\u00fcents<\/a><\/p>\n<\/div><\/li><li class=\"fusion-li-item\"><span style=\"height:30.6px;width:30.6px;margin-right:12.6px;\" class=\"icon-wrapper circle-no\"><i class=\"fusion-li-icon fa fa-arrow-right\" style=\"color:#76c8d3;\"><\/i><\/span><div class=\"fusion-li-item-content\" style=\"margin-left:43.2px;\">\n<p><a href=\"http:\/\/www.tonimartinmedic.com\/ca\/proves-diagnostiques-mes-habituals\/\">Les proves diagn\u00f2stiques m\u00e9s habituals<\/a><\/p>\n<\/div><\/li><li class=\"fusion-li-item\"><span style=\"height:30.6px;width:30.6px;margin-right:12.6px;\" class=\"icon-wrapper circle-no\"><i class=\"fusion-li-icon fa fa-arrow-right\" style=\"color:#76c8d3;\"><\/i><\/span><div class=\"fusion-li-item-content\" style=\"margin-left:43.2px;\">\n<p><a href=\"http:\/\/www.tonimartinmedic.com\/ca\/practiques-mediques-complementaries\/\">Les pr\u00e0ctiques m\u00e8diques complementaries<\/a><\/p>\n<\/div><\/li><\/ul><div class=\"fusion-sep-clear\"><\/div><div class=\"fusion-separator fusion-full-width-sep sep-none\" style=\"margin-left: auto;margin-right: auto;margin-top:50px;\"><\/div><div class=\"fusion-text\"><h4><i class=\"fa fa-clock-o\"><\/i>\u00a0 \u00a0BLOG<\/h4>\n<\/div><div class=\"fusion-sep-clear\"><\/div><div class=\"fusion-separator fusion-full-width-sep sep-single sep-solid\" style=\"border-color:#3bafbf;border-top-width:2px;margin-left: auto;margin-right: auto;margin-top:0px;margin-bottom:30px;width:100%;max-width:100%;\"><\/div><div class=\"fusion-sep-clear\"><\/div><div class=\"fusion-separator fusion-full-width-sep sep-none\" style=\"margin-left: auto;margin-right: auto;margin-top:30px;\"><\/div><div class=\"fusion-recent-posts fusion-recent-posts-1 avada-container layout-default layout-columns-1\"><section class=\"fusion-columns columns fusion-columns-1 columns-1\"><article class=\"post fusion-column column col col-lg-12 col-md-12 col-sm-12\"><div class=\"fusion-flexslider fusion-flexslider-loading flexslider flexslider-hover-type-none\"><ul class=\"slides\"><li><a href=\"https:\/\/www.tonimartinmedic.com\/ca\/de-la-perfeccio-i-la-felicitat\/\" aria-label=\"De la perfecci\u00f3 i la felicitat&#8230;\" class=\"hover-type-none\"><img loading=\"lazy\" decoding=\"async\" width=\"700\" height=\"441\" src=\"https:\/\/www.tonimartinmedic.com\/wp-content\/uploads\/2020\/06\/shutterstock_133901621-scaled-e1592469854256-700x441.jpg\" class=\"attachment-recent-posts size-recent-posts\" alt=\"\" srcset=\"https:\/\/www.tonimartinmedic.com\/wp-content\/uploads\/2020\/06\/shutterstock_133901621-scaled-e1592469854256-320x202.jpg 320w, https:\/\/www.tonimartinmedic.com\/wp-content\/uploads\/2020\/06\/shutterstock_133901621-scaled-e1592469854256-700x441.jpg 700w\" sizes=\"(max-width: 700px) 100vw, 700px\" \/><\/a><\/li><\/ul><\/div><div class=\"recent-posts-content\"><span class=\"vcard\" style=\"display: none;\"><span class=\"fn\"><a href=\"https:\/\/www.tonimartinmedic.com\/ca\/author\/root\/\" title=\"Entrades de root\" rel=\"author\">root<\/a><\/span><\/span><span class=\"updated\" style=\"display:none;\">2020-06-20T10:57:54+02:00<\/span><h4 class=\"entry-title\"><a href=\"https:\/\/www.tonimartinmedic.com\/ca\/de-la-perfeccio-i-la-felicitat\/\">De la perfecci\u00f3 i la felicitat&#8230;<\/a><\/h4><\/div><\/article><article class=\"post fusion-column column col col-lg-12 col-md-12 col-sm-12\"><div class=\"fusion-flexslider fusion-flexslider-loading flexslider flexslider-hover-type-none\"><ul class=\"slides\"><li><a href=\"https:\/\/www.tonimartinmedic.com\/ca\/hi-ha-algu-interessat-en-el-present\/\" aria-label=\"Hi ha alg\u00fa interessat en el present??\" class=\"hover-type-none\"><img loading=\"lazy\" decoding=\"async\" width=\"700\" height=\"441\" src=\"https:\/\/www.tonimartinmedic.com\/wp-content\/uploads\/2018\/03\/giratiempo-2816270_1280-700x441.jpg\" class=\"attachment-recent-posts size-recent-posts\" alt=\"\" srcset=\"https:\/\/www.tonimartinmedic.com\/wp-content\/uploads\/2018\/03\/giratiempo-2816270_1280-320x202.jpg 320w, https:\/\/www.tonimartinmedic.com\/wp-content\/uploads\/2018\/03\/giratiempo-2816270_1280-700x441.jpg 700w\" sizes=\"(max-width: 700px) 100vw, 700px\" \/><\/a><\/li><\/ul><\/div><div class=\"recent-posts-content\"><span class=\"vcard\" style=\"display: none;\"><span class=\"fn\"><a href=\"https:\/\/www.tonimartinmedic.com\/ca\/author\/root\/\" title=\"Entrades de root\" rel=\"author\">root<\/a><\/span><\/span><span class=\"updated\" style=\"display:none;\">2018-03-27T10:42:22+02:00<\/span><h4 class=\"entry-title\"><a href=\"https:\/\/www.tonimartinmedic.com\/ca\/hi-ha-algu-interessat-en-el-present\/\">Hi ha alg\u00fa interessat en el present??<\/a><\/h4><\/div><\/article><\/section><\/div><div class=\"fusion-clearfix\"><\/div><\/div><\/div><\/div><\/div>\n","protected":false},"excerpt":{"rendered":"","protected":false},"author":1,"featured_media":0,"parent":0,"menu_order":0,"comment_status":"closed","ping_status":"closed","template":"","meta":{"footnotes":""},"_links":{"self":[{"href":"https:\/\/www.tonimartinmedic.com\/ca\/wp-json\/wp\/v2\/pages\/1372"}],"collection":[{"href":"https:\/\/www.tonimartinmedic.com\/ca\/wp-json\/wp\/v2\/pages"}],"about":[{"href":"https:\/\/www.tonimartinmedic.com\/ca\/wp-json\/wp\/v2\/types\/page"}],"author":[{"embeddable":true,"href":"https:\/\/www.tonimartinmedic.com\/ca\/wp-json\/wp\/v2\/users\/1"}],"replies":[{"embeddable":true,"href":"https:\/\/www.tonimartinmedic.com\/ca\/wp-json\/wp\/v2\/comments?post=1372"}],"version-history":[{"count":40,"href":"https:\/\/www.tonimartinmedic.com\/ca\/wp-json\/wp\/v2\/pages\/1372\/revisions"}],"predecessor-version":[{"id":2289,"href":"https:\/\/www.tonimartinmedic.com\/ca\/wp-json\/wp\/v2\/pages\/1372\/revisions\/2289"}],"wp:attachment":[{"href":"https:\/\/www.tonimartinmedic.com\/ca\/wp-json\/wp\/v2\/media?parent=1372"}],"curies":[{"name":"wp","href":"https:\/\/api.w.org\/{rel}","templated":true}]}}